{"id":28733,"date":"2024-09-10T13:38:51","date_gmt":"2024-09-10T11:38:51","guid":{"rendered":"https:\/\/www.ador-dental.de\/?post_type=product&#038;p=28733"},"modified":"2025-07-15T16:23:15","modified_gmt":"2025-07-15T14:23:15","slug":"radiusfraeser-o1mm-zirkonoxid-t2-t7","status":"publish","type":"product","link":"https:\/\/www.ador-dental.de\/en\/product\/radiusfraeser-o1mm-zirkonoxid-t2-t7\/","title":{"rendered":"Solid carbide radius cutter \u00d81mm, optimized for zirconium oxide machining T2\/T7"},"content":{"rendered":"<h4 class=\"product--properties panel\">Radius cutter \u00d81mm, zirconium oxide T2\/T7<\/h4>\n<div class=\"content--title\">Solid carbide radius milling cutter \u00d81mm, optimized for zirconium oxide machining, 2-flute, maximum precision thanks to tight tolerances and maximum surface quality, with relief grinding l3=12mm, and DIA PREMIUM COATING, recommended for Roland machines with shank d2=4mm<\/div>\n<div><\/div>\n<div>\n<h2 class=\"content--title\">Product features<\/h2>\n<table class=\"product--properties-table\">\n<tbody>\n<tr class=\"product--properties-row\">\n<td class=\"product--properties-label is--bold\">Type of tools:<\/td>\n<td class=\"product--properties-value\">Radius cutter<\/td>\n<\/tr>\n<tr class=\"product--properties-row\">\n<td class=\"product--properties-label is--bold\">Radius ( r):<\/td>\n<td class=\"product--properties-value\">0,5<\/td>\n<\/tr>\n<tr class=\"product--properties-row\">\n<td class=\"product--properties-label is--bold\">Machinable materials:<\/td>\n<td class=\"product--properties-value\">Zirconium dioxide<\/td>\n<\/tr>\n<tr class=\"product--properties-row\">\n<td class=\"product--properties-label is--bold\">compatible with machine system:<\/td>\n<td class=\"product--properties-value\">Roland<\/td>\n<\/tr>\n<tr class=\"product--properties-row\">\n<td class=\"product--properties-label is--bold\">Cutting diameter in mm (d1):<\/td>\n<td class=\"product--properties-value\">1<\/td>\n<\/tr>\n<tr class=\"product--properties-row\">\n<td class=\"product--properties-label is--bold\">Shank diameter in mm (d2):<\/td>\n<td class=\"product--properties-value\">4<\/td>\n<\/tr>\n<tr class=\"product--properties-row\">\n<td class=\"product--properties-label is--bold\">Shift:<\/td>\n<td class=\"product--properties-value\">DIA PREMIUM COATING<\/td>\n<\/tr>\n<tr class=\"product--properties-row\">\n<td class=\"product--properties-label is--bold\">Free cut length in mm (l3):<\/td>\n<td class=\"product--properties-value\">12<\/td>\n<\/tr>\n<tr class=\"product--properties-row\">\n<td class=\"product--properties-label is--bold\">Total length in mm (l1):<\/td>\n<td class=\"product--properties-value\">50<\/td>\n<\/tr>\n<tr class=\"product--properties-row\">\n<td class=\"product--properties-label is--bold\">Radius (r):<\/td>\n<td class=\"product--properties-value\">0,5<\/td>\n<\/tr>\n<tr class=\"product--properties-row\">\n<td class=\"product--properties-label is--bold\">Cutting edge length in mm (l2):<\/td>\n<td class=\"product--properties-value\">2<\/td>\n<\/tr>\n<tr class=\"product--properties-row\">\n<td class=\"product--properties-label is--bold\">Number of teeth (z):<\/td>\n<td class=\"product--properties-value\">3<\/td>\n<\/tr>\n<\/tbody>\n<\/table>\n<\/div>","protected":false},"excerpt":{"rendered":"<p>Solid carbide radius milling cutter \u00d81mm, optimized for zirconium oxide machining, 2-flute, maximum precision thanks to tight tolerances and maximum surface quality, with relief grinding l3=12mm, and DIA PREMIUM COATING, recommended for Roland machines with shank d2=4mm<\/p>","protected":false},"featured_media":28800,"comment_status":"open","ping_status":"closed","template":"","meta":{"neve_meta_sidebar":"","neve_meta_container":"","neve_meta_enable_content_width":"off","neve_meta_content_width":100,"neve_meta_title_alignment":"","neve_meta_author_avatar":"","neve_post_elements_order":"","neve_meta_disable_header":"","neve_meta_disable_footer":"","neve_meta_disable_title":"","_themeisle_gutenberg_block_has_review":false},"product_brand":[],"product_cat":[431,1152,470],"product_tag":[1146,1145,1150,1139,1144],"class_list":{"0":"post-28733","1":"product","2":"type-product","3":"status-publish","4":"has-post-thumbnail","6":"product_cat-adormilling","7":"product_cat-dgshape-dwx","8":"product_cat-fraeser","9":"product_tag-dgshape","10":"product_tag-ds-cam","11":"product_tag-dwx","12":"product_tag-fraeser","13":"product_tag-zirkonoxid","15":"first","16":"instock","17":"taxable","18":"shipping-taxable","19":"purchasable","20":"product-type-simple"},"yoast_head":"<!-- This site is optimized with the Yoast SEO plugin v27.4 - https:\/\/yoast.com\/product\/yoast-seo-wordpress\/ -->\n<title>VHM-Radiusfr\u00e4ser \u00d81mm, optimiert f\u00fcr die Zirkonoxid-Bearbeitung T2\/T7 - Ador Dental GmbH<\/title>\n<meta name=\"description\" content=\"Dies ist ein Radiusfr\u00e4ser welcher einen einen Durchmesser von 1mm besitzt und sich f\u00fcr folgende Materialien: Zirkonoxid T2\/T7, eignet.\" \/>\n<meta name=\"robots\" content=\"index, follow, max-snippet:-1, max-image-preview:large, max-video-preview:-1\" \/>\n<link rel=\"canonical\" href=\"https:\/\/www.ador-dental.de\/en\/product\/radiusfraeser-o1mm-zirkonoxid-t2-t7\/\" \/>\n<meta property=\"og:locale\" content=\"en_US\" \/>\n<meta property=\"og:type\" content=\"article\" \/>\n<meta property=\"og:title\" content=\"VHM-Radiusfr\u00e4ser \u00d81mm, optimiert f\u00fcr die Zirkonoxid-Bearbeitung T2\/T7 - Ador Dental GmbH\" \/>\n<meta property=\"og:description\" content=\"Dies ist ein Radiusfr\u00e4ser welcher einen einen Durchmesser von 1mm besitzt und sich f\u00fcr folgende Materialien: Zirkonoxid T2\/T7, eignet.\" \/>\n<meta property=\"og:url\" content=\"https:\/\/www.ador-dental.de\/en\/product\/radiusfraeser-o1mm-zirkonoxid-t2-t7\/\" \/>\n<meta property=\"og:site_name\" content=\"Ador Dental GmbH\" \/>\n<meta property=\"article:modified_time\" content=\"2025-07-15T14:23:15+00:00\" \/>\n<meta property=\"og:image\" content=\"https:\/\/www.ador-dental.de\/wp-content\/uploads\/2024\/09\/804.240.A.HD_.jpg\" \/>\n\t<meta property=\"og:image:width\" content=\"1280\" \/>\n\t<meta property=\"og:image:height\" content=\"720\" \/>\n\t<meta property=\"og:image:type\" content=\"image\/jpeg\" \/>\n<meta name=\"twitter:card\" content=\"summary_large_image\" \/>\n<script type=\"application\/ld+json\" class=\"yoast-schema-graph\">{\"@context\":\"https:\\\/\\\/schema.org\",\"@graph\":[{\"@type\":\"WebPage\",\"@id\":\"https:\\\/\\\/www.ador-dental.de\\\/produkt\\\/radiusfraeser-o1mm-zirkonoxid-t2-t7\\\/\",\"url\":\"https:\\\/\\\/www.ador-dental.de\\\/produkt\\\/radiusfraeser-o1mm-zirkonoxid-t2-t7\\\/\",\"name\":\"VHM-Radiusfr\u00e4ser \u00d81mm, optimiert f\u00fcr die Zirkonoxid-Bearbeitung T2\\\/T7 - Ador Dental GmbH\",\"isPartOf\":{\"@id\":\"https:\\\/\\\/www.ador-dental.de\\\/en\\\/#website\"},\"primaryImageOfPage\":{\"@id\":\"https:\\\/\\\/www.ador-dental.de\\\/produkt\\\/radiusfraeser-o1mm-zirkonoxid-t2-t7\\\/#primaryimage\"},\"image\":{\"@id\":\"https:\\\/\\\/www.ador-dental.de\\\/produkt\\\/radiusfraeser-o1mm-zirkonoxid-t2-t7\\\/#primaryimage\"},\"thumbnailUrl\":\"https:\\\/\\\/www.ador-dental.de\\\/wp-content\\\/uploads\\\/2024\\\/09\\\/804.240.A.HD_.jpg\",\"datePublished\":\"2024-09-10T11:38:51+00:00\",\"dateModified\":\"2025-07-15T14:23:15+00:00\",\"description\":\"Dies ist ein Radiusfr\u00e4ser welcher einen einen Durchmesser von 1mm besitzt und sich f\u00fcr folgende Materialien: Zirkonoxid T2\\\/T7, eignet.\",\"breadcrumb\":{\"@id\":\"https:\\\/\\\/www.ador-dental.de\\\/produkt\\\/radiusfraeser-o1mm-zirkonoxid-t2-t7\\\/#breadcrumb\"},\"inLanguage\":\"en-US\",\"potentialAction\":[{\"@type\":\"ReadAction\",\"target\":[\"https:\\\/\\\/www.ador-dental.de\\\/produkt\\\/radiusfraeser-o1mm-zirkonoxid-t2-t7\\\/\"]}]},{\"@type\":\"ImageObject\",\"inLanguage\":\"en-US\",\"@id\":\"https:\\\/\\\/www.ador-dental.de\\\/produkt\\\/radiusfraeser-o1mm-zirkonoxid-t2-t7\\\/#primaryimage\",\"url\":\"https:\\\/\\\/www.ador-dental.de\\\/wp-content\\\/uploads\\\/2024\\\/09\\\/804.240.A.HD_.jpg\",\"contentUrl\":\"https:\\\/\\\/www.ador-dental.de\\\/wp-content\\\/uploads\\\/2024\\\/09\\\/804.240.A.HD_.jpg\",\"width\":1280,\"height\":720},{\"@type\":\"BreadcrumbList\",\"@id\":\"https:\\\/\\\/www.ador-dental.de\\\/produkt\\\/radiusfraeser-o1mm-zirkonoxid-t2-t7\\\/#breadcrumb\",\"itemListElement\":[{\"@type\":\"ListItem\",\"position\":1,\"name\":\"Startseite\",\"item\":\"https:\\\/\\\/www.ador-dental.de\\\/\"},{\"@type\":\"ListItem\",\"position\":2,\"name\":\"Shop\",\"item\":\"https:\\\/\\\/www.ador-dental.de\\\/en\\\/shop\\\/\"},{\"@type\":\"ListItem\",\"position\":3,\"name\":\"VHM-Radiusfr\u00e4ser \u00d81mm, optimiert f\u00fcr die Zirkonoxid-Bearbeitung T2\\\/T7\"}]},{\"@type\":\"WebSite\",\"@id\":\"https:\\\/\\\/www.ador-dental.de\\\/en\\\/#website\",\"url\":\"https:\\\/\\\/www.ador-dental.de\\\/en\\\/\",\"name\":\"Ador Dental GmbH\",\"description\":\"\",\"publisher\":{\"@id\":\"https:\\\/\\\/www.ador-dental.de\\\/en\\\/#organization\"},\"potentialAction\":[{\"@type\":\"SearchAction\",\"target\":{\"@type\":\"EntryPoint\",\"urlTemplate\":\"https:\\\/\\\/www.ador-dental.de\\\/en\\\/?s={search_term_string}\"},\"query-input\":{\"@type\":\"PropertyValueSpecification\",\"valueRequired\":true,\"valueName\":\"search_term_string\"}}],\"inLanguage\":\"en-US\"},{\"@type\":\"Organization\",\"@id\":\"https:\\\/\\\/www.ador-dental.de\\\/en\\\/#organization\",\"name\":\"Ador Dental GmbH\",\"url\":\"https:\\\/\\\/www.ador-dental.de\\\/en\\\/\",\"logo\":{\"@type\":\"ImageObject\",\"inLanguage\":\"en-US\",\"@id\":\"https:\\\/\\\/www.ador-dental.de\\\/en\\\/#\\\/schema\\\/logo\\\/image\\\/\",\"url\":\"https:\\\/\\\/www.ador-dental.de\\\/wp-content\\\/uploads\\\/2021\\\/10\\\/ADOR_Logo_DentalSolutions_2020_Black.svg\",\"contentUrl\":\"https:\\\/\\\/www.ador-dental.de\\\/wp-content\\\/uploads\\\/2021\\\/10\\\/ADOR_Logo_DentalSolutions_2020_Black.svg\",\"width\":678,\"height\":261,\"caption\":\"Ador Dental GmbH\"},\"image\":{\"@id\":\"https:\\\/\\\/www.ador-dental.de\\\/en\\\/#\\\/schema\\\/logo\\\/image\\\/\"}}]}<\/script>\n<!-- \/ Yoast SEO plugin. -->","yoast_head_json":{"title":"VHM-Radiusfr\u00e4ser \u00d81mm, optimiert f\u00fcr die Zirkonoxid-Bearbeitung T2\/T7 - Ador Dental GmbH","description":"Dies ist ein Radiusfr\u00e4ser welcher einen einen Durchmesser von 1mm besitzt und sich f\u00fcr folgende Materialien: Zirkonoxid T2\/T7, eignet.","robots":{"index":"index","follow":"follow","max-snippet":"max-snippet:-1","max-image-preview":"max-image-preview:large","max-video-preview":"max-video-preview:-1"},"canonical":"https:\/\/www.ador-dental.de\/en\/product\/radiusfraeser-o1mm-zirkonoxid-t2-t7\/","og_locale":"en_US","og_type":"article","og_title":"VHM-Radiusfr\u00e4ser \u00d81mm, optimiert f\u00fcr die Zirkonoxid-Bearbeitung T2\/T7 - Ador Dental GmbH","og_description":"Dies ist ein Radiusfr\u00e4ser welcher einen einen Durchmesser von 1mm besitzt und sich f\u00fcr folgende Materialien: Zirkonoxid T2\/T7, eignet.","og_url":"https:\/\/www.ador-dental.de\/en\/product\/radiusfraeser-o1mm-zirkonoxid-t2-t7\/","og_site_name":"Ador Dental GmbH","article_modified_time":"2025-07-15T14:23:15+00:00","og_image":[{"width":1280,"height":720,"url":"https:\/\/www.ador-dental.de\/wp-content\/uploads\/2024\/09\/804.240.A.HD_.jpg","type":"image\/jpeg"}],"twitter_card":"summary_large_image","schema":{"@context":"https:\/\/schema.org","@graph":[{"@type":"WebPage","@id":"https:\/\/www.ador-dental.de\/produkt\/radiusfraeser-o1mm-zirkonoxid-t2-t7\/","url":"https:\/\/www.ador-dental.de\/produkt\/radiusfraeser-o1mm-zirkonoxid-t2-t7\/","name":"VHM-Radiusfr\u00e4ser \u00d81mm, optimiert f\u00fcr die Zirkonoxid-Bearbeitung T2\/T7 - Ador Dental GmbH","isPartOf":{"@id":"https:\/\/www.ador-dental.de\/en\/#website"},"primaryImageOfPage":{"@id":"https:\/\/www.ador-dental.de\/produkt\/radiusfraeser-o1mm-zirkonoxid-t2-t7\/#primaryimage"},"image":{"@id":"https:\/\/www.ador-dental.de\/produkt\/radiusfraeser-o1mm-zirkonoxid-t2-t7\/#primaryimage"},"thumbnailUrl":"https:\/\/www.ador-dental.de\/wp-content\/uploads\/2024\/09\/804.240.A.HD_.jpg","datePublished":"2024-09-10T11:38:51+00:00","dateModified":"2025-07-15T14:23:15+00:00","description":"Dies ist ein Radiusfr\u00e4ser welcher einen einen Durchmesser von 1mm besitzt und sich f\u00fcr folgende Materialien: Zirkonoxid T2\/T7, eignet.","breadcrumb":{"@id":"https:\/\/www.ador-dental.de\/produkt\/radiusfraeser-o1mm-zirkonoxid-t2-t7\/#breadcrumb"},"inLanguage":"en-US","potentialAction":[{"@type":"ReadAction","target":["https:\/\/www.ador-dental.de\/produkt\/radiusfraeser-o1mm-zirkonoxid-t2-t7\/"]}]},{"@type":"ImageObject","inLanguage":"en-US","@id":"https:\/\/www.ador-dental.de\/produkt\/radiusfraeser-o1mm-zirkonoxid-t2-t7\/#primaryimage","url":"https:\/\/www.ador-dental.de\/wp-content\/uploads\/2024\/09\/804.240.A.HD_.jpg","contentUrl":"https:\/\/www.ador-dental.de\/wp-content\/uploads\/2024\/09\/804.240.A.HD_.jpg","width":1280,"height":720},{"@type":"BreadcrumbList","@id":"https:\/\/www.ador-dental.de\/produkt\/radiusfraeser-o1mm-zirkonoxid-t2-t7\/#breadcrumb","itemListElement":[{"@type":"ListItem","position":1,"name":"Startseite","item":"https:\/\/www.ador-dental.de\/"},{"@type":"ListItem","position":2,"name":"Shop","item":"https:\/\/www.ador-dental.de\/en\/shop\/"},{"@type":"ListItem","position":3,"name":"VHM-Radiusfr\u00e4ser \u00d81mm, optimiert f\u00fcr die Zirkonoxid-Bearbeitung T2\/T7"}]},{"@type":"WebSite","@id":"https:\/\/www.ador-dental.de\/en\/#website","url":"https:\/\/www.ador-dental.de\/en\/","name":"Ador Dental GmbH","description":"","publisher":{"@id":"https:\/\/www.ador-dental.de\/en\/#organization"},"potentialAction":[{"@type":"SearchAction","target":{"@type":"EntryPoint","urlTemplate":"https:\/\/www.ador-dental.de\/en\/?s={search_term_string}"},"query-input":{"@type":"PropertyValueSpecification","valueRequired":true,"valueName":"search_term_string"}}],"inLanguage":"en-US"},{"@type":"Organization","@id":"https:\/\/www.ador-dental.de\/en\/#organization","name":"Ador Dental GmbH","url":"https:\/\/www.ador-dental.de\/en\/","logo":{"@type":"ImageObject","inLanguage":"en-US","@id":"https:\/\/www.ador-dental.de\/en\/#\/schema\/logo\/image\/","url":"https:\/\/www.ador-dental.de\/wp-content\/uploads\/2021\/10\/ADOR_Logo_DentalSolutions_2020_Black.svg","contentUrl":"https:\/\/www.ador-dental.de\/wp-content\/uploads\/2021\/10\/ADOR_Logo_DentalSolutions_2020_Black.svg","width":678,"height":261,"caption":"Ador Dental GmbH"},"image":{"@id":"https:\/\/www.ador-dental.de\/en\/#\/schema\/logo\/image\/"}}]}},"_links":{"self":[{"href":"https:\/\/www.ador-dental.de\/en\/wp-json\/wp\/v2\/product\/28733","targetHints":{"allow":["GET"]}}],"collection":[{"href":"https:\/\/www.ador-dental.de\/en\/wp-json\/wp\/v2\/product"}],"about":[{"href":"https:\/\/www.ador-dental.de\/en\/wp-json\/wp\/v2\/types\/product"}],"replies":[{"embeddable":true,"href":"https:\/\/www.ador-dental.de\/en\/wp-json\/wp\/v2\/comments?post=28733"}],"version-history":[{"count":4,"href":"https:\/\/www.ador-dental.de\/en\/wp-json\/wp\/v2\/product\/28733\/revisions"}],"predecessor-version":[{"id":29905,"href":"https:\/\/www.ador-dental.de\/en\/wp-json\/wp\/v2\/product\/28733\/revisions\/29905"}],"wp:featuredmedia":[{"embeddable":true,"href":"https:\/\/www.ador-dental.de\/en\/wp-json\/wp\/v2\/media\/28800"}],"wp:attachment":[{"href":"https:\/\/www.ador-dental.de\/en\/wp-json\/wp\/v2\/media?parent=28733"}],"wp:term":[{"taxonomy":"product_brand","embeddable":true,"href":"https:\/\/www.ador-dental.de\/en\/wp-json\/wp\/v2\/product_brand?post=28733"},{"taxonomy":"product_cat","embeddable":true,"href":"https:\/\/www.ador-dental.de\/en\/wp-json\/wp\/v2\/product_cat?post=28733"},{"taxonomy":"product_tag","embeddable":true,"href":"https:\/\/www.ador-dental.de\/en\/wp-json\/wp\/v2\/product_tag?post=28733"}],"curies":[{"name":"wp","href":"https:\/\/api.w.org\/{rel}","templated":true}]}}