{"id":26234,"date":"2023-05-23T15:02:54","date_gmt":"2023-05-23T13:02:54","guid":{"rendered":"https:\/\/www.ador-dental.de\/?post_type=product&#038;p=26234"},"modified":"2026-03-05T09:43:36","modified_gmt":"2026-03-05T08:43:36","slug":"keyprint-keymodel-ultra-beige-grau-sand-1kg","status":"publish","type":"product","link":"https:\/\/www.ador-dental.de\/en\/product\/keyprint-keymodel-ultra-beige-grau-sand-1kg\/","title":{"rendered":"KeyPrint KeyModel Ultra beige\/ gray\/ sand 1kg"},"content":{"rendered":"<div class=\"product--detail-main-lower-header-block\">\n<h3>Details KeyModel Ultra beige, gray and sand 1kg<\/h3>\n<\/div>\n<div class=\"product--detail-main-lower-left-block-short\">\n<p>Based on the patented material development of the extremely successful KeySplint Soft rail material, Keystone Industries has now also developed a completely new type of model resin: KeyPrint KeyModel Ultra. Together with Loctite, a subsidiary of the Henkel Group, Keystone has achieved an optimum in a number of important model plastic properties:<\/p>\n<ul>\n<li>The model resin has a high reactivity that enables fast printing on DLP\/LED printers as well as use on weaker LCD monochrome printers such as the Anycubic\u00ae or Phrozen\u00ae printers.<\/li>\n<li>Experience has shown that KeyModel Ultra has extremely high drawing power and an extremely low-tack surface.<\/li>\n<li>The Keystone material offers a special innovation for orthodontic work: it already contains a special release agent that allows it to be used in the thermoforming technique without the need for additional insulation. This is ideal for achieving high work efficiency, e.g. in the aligner technique.<\/li>\n<li>The printed KeyModel Ultra models can be easily reworked without splintering.<\/li>\n<\/ul>\n<p>KeyPrint KeyModel Ultra is available in the attractive colors light grey, beige and sand. In principle, it can be used on all photoresin printers that work with a wavelength between 385 nm and 405 nm.<\/p>\n<p><strong>Physical properties:<\/strong><\/p>\n<ul>\n<li>Flexural strength: &gt; 70 MPa (ASTM D790)<\/li>\n<li>Flexural modulus: &gt;1700 MPa (ASTM D638)<\/li>\n<li>Modulus of elasticity: &gt;1940 MPa (ASTM D790)<\/li>\n<\/ul>\n<\/div>\n<div class=\"product--detail-main-lower-middle-block\">\n<div class=\"product--detail-description_properties_title\">Product details<\/div>\n<div class=\"product--properties panel\">\n<div class=\"product--properties-table\">\n<div class=\"product--properties-label is--bold\">Manufacturer: Keystone<\/div>\n<div class=\"product--properties-label is--bold\">Printing technology: DLP\/LED, DUP\/LCD<\/div>\n<div class=\"product--properties-label is--bold\">Printer model: Ackuretta Freeshape, Ackuretta Dentiq, Ackuretta SOL, Anycubic Mono SE, Anycubic Mono X, Anycubic Photon S, Asiga Max, Asiga Pro 4k, Elegoo Mars Pro 2, Microlay Eve, Microlay Versus, Miicraft 125, Miicraft Ultra, Nexa3D NXD200, Nexa3D XiP, Phrozen 4k, Phrozen 4k 2022, Phrozen Sonic Mighty 4k, Phrozen Sonic Mighty 8k, Phrozen Sonic Mini 4k, Phrozen Sonic Mini 8k, Phrozen XL, Phrozen XL 4k, Phrozen XL 4k 2022, Rapidshape D20, Rapidshape D30, Rapidshape D70, Rapidshape D90, Rapidshape D100, SHINING 3D AccuFab-D1, SISMA Everes UNO, Zirkonzahn P4000<\/div>\n<div class=\"product--properties-label is--bold\">Color: beige, grey, sand<\/div>\n<div class=\"product--properties-label is--bold\">Quantity: 1000 g<\/div>\n<div class=\"product--properties-label is--bold\">Indication: Master models, dental models<\/div>\n<div class=\"product--properties-label is--bold\">Medical device: no medical device<\/div>\n<div class=\"product--properties-label is--bold\">Special feature: Integrated insulating center<\/div>\n<\/div>\n<\/div>\n<\/div>","protected":false},"excerpt":{"rendered":"<p>Based on the patented material development of the extremely successful KeySplint Soft rail material, Keystone Industries has now also developed a completely new type of model resin: the KeyPrint KeyModel Ultra beige, gray and sand 1kg<\/p>","protected":false},"featured_media":31203,"comment_status":"open","ping_status":"closed","template":"","meta":{"neve_meta_sidebar":"","neve_meta_container":"","neve_meta_enable_content_width":"off","neve_meta_content_width":70,"neve_meta_title_alignment":"","neve_meta_author_avatar":"","neve_post_elements_order":"","neve_meta_disable_header":"","neve_meta_disable_footer":"","neve_meta_disable_title":"","_themeisle_gutenberg_block_has_review":false},"product_brand":[],"product_cat":[212,1112,840,432],"product_tag":[434],"class_list":{"0":"post-26234","1":"product","2":"type-product","3":"status-publish","4":"has-post-thumbnail","6":"product_cat-adorprint","7":"product_cat-keystone","8":"product_cat-modellmaterial","9":"product_cat-resine","10":"product_tag-dentalheld","12":"first","13":"instock","14":"taxable","15":"shipping-taxable","16":"purchasable","17":"product-type-variable"},"yoast_head":"<!-- This site is optimized with the Yoast SEO plugin v27.4 - https:\/\/yoast.com\/product\/yoast-seo-wordpress\/ -->\n<title>KeyPrint KeyModel Ultra beige\/ grau\/ Sand 1kg - Ador Dental GmbH<\/title>\n<meta name=\"description\" content=\"KeyPrint KeyModel Ultra weist eine hohe Reaktivit\u00e4t auf, welche auch den Einsatz auf schw\u00e4cheren LCD-Monochrom Druckern erm\u00f6glicht. Beige und grau, Schienen\" \/>\n<meta name=\"robots\" content=\"index, follow, max-snippet:-1, max-image-preview:large, max-video-preview:-1\" \/>\n<link rel=\"canonical\" href=\"https:\/\/www.ador-dental.de\/en\/product\/keyprint-keymodel-ultra-beige-grau-sand-1kg\/\" \/>\n<meta property=\"og:locale\" content=\"en_US\" \/>\n<meta property=\"og:type\" content=\"article\" \/>\n<meta property=\"og:title\" content=\"KeyPrint KeyModel Ultra beige\/ grau\/ Sand 1kg - Ador Dental GmbH\" \/>\n<meta property=\"og:description\" content=\"KeyPrint KeyModel Ultra weist eine hohe Reaktivit\u00e4t auf, welche auch den Einsatz auf schw\u00e4cheren LCD-Monochrom Druckern erm\u00f6glicht. Beige und grau, Schienen\" \/>\n<meta property=\"og:url\" content=\"https:\/\/www.ador-dental.de\/en\/product\/keyprint-keymodel-ultra-beige-grau-sand-1kg\/\" \/>\n<meta property=\"og:site_name\" content=\"Ador Dental GmbH\" \/>\n<meta property=\"article:modified_time\" content=\"2026-03-05T08:43:36+00:00\" \/>\n<meta property=\"og:image\" content=\"https:\/\/www.ador-dental.de\/wp-content\/uploads\/2026\/03\/Key-Model-Ultra-Sand-PB.png\" \/>\n\t<meta property=\"og:image:width\" content=\"1024\" \/>\n\t<meta property=\"og:image:height\" content=\"1024\" \/>\n\t<meta property=\"og:image:type\" content=\"image\/png\" \/>\n<meta name=\"twitter:card\" content=\"summary_large_image\" \/>\n<meta name=\"twitter:label1\" content=\"Est. reading time\" \/>\n\t<meta name=\"twitter:data1\" content=\"2 minutes\" \/>\n<script type=\"application\/ld+json\" class=\"yoast-schema-graph\">{\"@context\":\"https:\\\/\\\/schema.org\",\"@graph\":[{\"@type\":\"WebPage\",\"@id\":\"https:\\\/\\\/www.ador-dental.de\\\/produkt\\\/keyprint-keymodel-ultra-beige-grau-sand-1kg\\\/\",\"url\":\"https:\\\/\\\/www.ador-dental.de\\\/produkt\\\/keyprint-keymodel-ultra-beige-grau-sand-1kg\\\/\",\"name\":\"KeyPrint KeyModel Ultra beige\\\/ grau\\\/ Sand 1kg - Ador Dental GmbH\",\"isPartOf\":{\"@id\":\"https:\\\/\\\/www.ador-dental.de\\\/en\\\/#website\"},\"primaryImageOfPage\":{\"@id\":\"https:\\\/\\\/www.ador-dental.de\\\/produkt\\\/keyprint-keymodel-ultra-beige-grau-sand-1kg\\\/#primaryimage\"},\"image\":{\"@id\":\"https:\\\/\\\/www.ador-dental.de\\\/produkt\\\/keyprint-keymodel-ultra-beige-grau-sand-1kg\\\/#primaryimage\"},\"thumbnailUrl\":\"https:\\\/\\\/www.ador-dental.de\\\/wp-content\\\/uploads\\\/2026\\\/03\\\/Key-Model-Ultra-Sand-PB.png\",\"datePublished\":\"2023-05-23T13:02:54+00:00\",\"dateModified\":\"2026-03-05T08:43:36+00:00\",\"description\":\"KeyPrint KeyModel Ultra weist eine hohe Reaktivit\u00e4t auf, welche auch den Einsatz auf schw\u00e4cheren LCD-Monochrom Druckern erm\u00f6glicht. Beige und grau, Schienen\",\"breadcrumb\":{\"@id\":\"https:\\\/\\\/www.ador-dental.de\\\/produkt\\\/keyprint-keymodel-ultra-beige-grau-sand-1kg\\\/#breadcrumb\"},\"inLanguage\":\"en-US\",\"potentialAction\":[{\"@type\":\"ReadAction\",\"target\":[\"https:\\\/\\\/www.ador-dental.de\\\/produkt\\\/keyprint-keymodel-ultra-beige-grau-sand-1kg\\\/\"]}]},{\"@type\":\"ImageObject\",\"inLanguage\":\"en-US\",\"@id\":\"https:\\\/\\\/www.ador-dental.de\\\/produkt\\\/keyprint-keymodel-ultra-beige-grau-sand-1kg\\\/#primaryimage\",\"url\":\"https:\\\/\\\/www.ador-dental.de\\\/wp-content\\\/uploads\\\/2026\\\/03\\\/Key-Model-Ultra-Sand-PB.png\",\"contentUrl\":\"https:\\\/\\\/www.ador-dental.de\\\/wp-content\\\/uploads\\\/2026\\\/03\\\/Key-Model-Ultra-Sand-PB.png\",\"width\":1024,\"height\":1024},{\"@type\":\"BreadcrumbList\",\"@id\":\"https:\\\/\\\/www.ador-dental.de\\\/produkt\\\/keyprint-keymodel-ultra-beige-grau-sand-1kg\\\/#breadcrumb\",\"itemListElement\":[{\"@type\":\"ListItem\",\"position\":1,\"name\":\"Startseite\",\"item\":\"https:\\\/\\\/www.ador-dental.de\\\/\"},{\"@type\":\"ListItem\",\"position\":2,\"name\":\"Shop\",\"item\":\"https:\\\/\\\/www.ador-dental.de\\\/en\\\/shop\\\/\"},{\"@type\":\"ListItem\",\"position\":3,\"name\":\"KeyPrint KeyModel Ultra beige\\\/ grau\\\/ Sand 1kg\"}]},{\"@type\":\"WebSite\",\"@id\":\"https:\\\/\\\/www.ador-dental.de\\\/en\\\/#website\",\"url\":\"https:\\\/\\\/www.ador-dental.de\\\/en\\\/\",\"name\":\"Ador Dental GmbH\",\"description\":\"\",\"publisher\":{\"@id\":\"https:\\\/\\\/www.ador-dental.de\\\/en\\\/#organization\"},\"potentialAction\":[{\"@type\":\"SearchAction\",\"target\":{\"@type\":\"EntryPoint\",\"urlTemplate\":\"https:\\\/\\\/www.ador-dental.de\\\/en\\\/?s={search_term_string}\"},\"query-input\":{\"@type\":\"PropertyValueSpecification\",\"valueRequired\":true,\"valueName\":\"search_term_string\"}}],\"inLanguage\":\"en-US\"},{\"@type\":\"Organization\",\"@id\":\"https:\\\/\\\/www.ador-dental.de\\\/en\\\/#organization\",\"name\":\"Ador Dental GmbH\",\"url\":\"https:\\\/\\\/www.ador-dental.de\\\/en\\\/\",\"logo\":{\"@type\":\"ImageObject\",\"inLanguage\":\"en-US\",\"@id\":\"https:\\\/\\\/www.ador-dental.de\\\/en\\\/#\\\/schema\\\/logo\\\/image\\\/\",\"url\":\"https:\\\/\\\/www.ador-dental.de\\\/wp-content\\\/uploads\\\/2021\\\/10\\\/ADOR_Logo_DentalSolutions_2020_Black.svg\",\"contentUrl\":\"https:\\\/\\\/www.ador-dental.de\\\/wp-content\\\/uploads\\\/2021\\\/10\\\/ADOR_Logo_DentalSolutions_2020_Black.svg\",\"width\":678,\"height\":261,\"caption\":\"Ador Dental GmbH\"},\"image\":{\"@id\":\"https:\\\/\\\/www.ador-dental.de\\\/en\\\/#\\\/schema\\\/logo\\\/image\\\/\"}}]}<\/script>\n<!-- \/ Yoast SEO plugin. -->","yoast_head_json":{"title":"KeyPrint KeyModel Ultra beige\/ grau\/ Sand 1kg - Ador Dental GmbH","description":"KeyPrint KeyModel Ultra weist eine hohe Reaktivit\u00e4t auf, welche auch den Einsatz auf schw\u00e4cheren LCD-Monochrom Druckern erm\u00f6glicht. Beige und grau, Schienen","robots":{"index":"index","follow":"follow","max-snippet":"max-snippet:-1","max-image-preview":"max-image-preview:large","max-video-preview":"max-video-preview:-1"},"canonical":"https:\/\/www.ador-dental.de\/en\/product\/keyprint-keymodel-ultra-beige-grau-sand-1kg\/","og_locale":"en_US","og_type":"article","og_title":"KeyPrint KeyModel Ultra beige\/ grau\/ Sand 1kg - Ador Dental GmbH","og_description":"KeyPrint KeyModel Ultra weist eine hohe Reaktivit\u00e4t auf, welche auch den Einsatz auf schw\u00e4cheren LCD-Monochrom Druckern erm\u00f6glicht. Beige und grau, Schienen","og_url":"https:\/\/www.ador-dental.de\/en\/product\/keyprint-keymodel-ultra-beige-grau-sand-1kg\/","og_site_name":"Ador Dental GmbH","article_modified_time":"2026-03-05T08:43:36+00:00","og_image":[{"width":1024,"height":1024,"url":"https:\/\/www.ador-dental.de\/wp-content\/uploads\/2026\/03\/Key-Model-Ultra-Sand-PB.png","type":"image\/png"}],"twitter_card":"summary_large_image","twitter_misc":{"Est. reading time":"2 minutes"},"schema":{"@context":"https:\/\/schema.org","@graph":[{"@type":"WebPage","@id":"https:\/\/www.ador-dental.de\/produkt\/keyprint-keymodel-ultra-beige-grau-sand-1kg\/","url":"https:\/\/www.ador-dental.de\/produkt\/keyprint-keymodel-ultra-beige-grau-sand-1kg\/","name":"KeyPrint KeyModel Ultra beige\/ grau\/ Sand 1kg - Ador Dental GmbH","isPartOf":{"@id":"https:\/\/www.ador-dental.de\/en\/#website"},"primaryImageOfPage":{"@id":"https:\/\/www.ador-dental.de\/produkt\/keyprint-keymodel-ultra-beige-grau-sand-1kg\/#primaryimage"},"image":{"@id":"https:\/\/www.ador-dental.de\/produkt\/keyprint-keymodel-ultra-beige-grau-sand-1kg\/#primaryimage"},"thumbnailUrl":"https:\/\/www.ador-dental.de\/wp-content\/uploads\/2026\/03\/Key-Model-Ultra-Sand-PB.png","datePublished":"2023-05-23T13:02:54+00:00","dateModified":"2026-03-05T08:43:36+00:00","description":"KeyPrint KeyModel Ultra weist eine hohe Reaktivit\u00e4t auf, welche auch den Einsatz auf schw\u00e4cheren LCD-Monochrom Druckern erm\u00f6glicht. Beige und grau, Schienen","breadcrumb":{"@id":"https:\/\/www.ador-dental.de\/produkt\/keyprint-keymodel-ultra-beige-grau-sand-1kg\/#breadcrumb"},"inLanguage":"en-US","potentialAction":[{"@type":"ReadAction","target":["https:\/\/www.ador-dental.de\/produkt\/keyprint-keymodel-ultra-beige-grau-sand-1kg\/"]}]},{"@type":"ImageObject","inLanguage":"en-US","@id":"https:\/\/www.ador-dental.de\/produkt\/keyprint-keymodel-ultra-beige-grau-sand-1kg\/#primaryimage","url":"https:\/\/www.ador-dental.de\/wp-content\/uploads\/2026\/03\/Key-Model-Ultra-Sand-PB.png","contentUrl":"https:\/\/www.ador-dental.de\/wp-content\/uploads\/2026\/03\/Key-Model-Ultra-Sand-PB.png","width":1024,"height":1024},{"@type":"BreadcrumbList","@id":"https:\/\/www.ador-dental.de\/produkt\/keyprint-keymodel-ultra-beige-grau-sand-1kg\/#breadcrumb","itemListElement":[{"@type":"ListItem","position":1,"name":"Startseite","item":"https:\/\/www.ador-dental.de\/"},{"@type":"ListItem","position":2,"name":"Shop","item":"https:\/\/www.ador-dental.de\/en\/shop\/"},{"@type":"ListItem","position":3,"name":"KeyPrint KeyModel Ultra beige\/ grau\/ Sand 1kg"}]},{"@type":"WebSite","@id":"https:\/\/www.ador-dental.de\/en\/#website","url":"https:\/\/www.ador-dental.de\/en\/","name":"Ador Dental GmbH","description":"","publisher":{"@id":"https:\/\/www.ador-dental.de\/en\/#organization"},"potentialAction":[{"@type":"SearchAction","target":{"@type":"EntryPoint","urlTemplate":"https:\/\/www.ador-dental.de\/en\/?s={search_term_string}"},"query-input":{"@type":"PropertyValueSpecification","valueRequired":true,"valueName":"search_term_string"}}],"inLanguage":"en-US"},{"@type":"Organization","@id":"https:\/\/www.ador-dental.de\/en\/#organization","name":"Ador Dental GmbH","url":"https:\/\/www.ador-dental.de\/en\/","logo":{"@type":"ImageObject","inLanguage":"en-US","@id":"https:\/\/www.ador-dental.de\/en\/#\/schema\/logo\/image\/","url":"https:\/\/www.ador-dental.de\/wp-content\/uploads\/2021\/10\/ADOR_Logo_DentalSolutions_2020_Black.svg","contentUrl":"https:\/\/www.ador-dental.de\/wp-content\/uploads\/2021\/10\/ADOR_Logo_DentalSolutions_2020_Black.svg","width":678,"height":261,"caption":"Ador Dental GmbH"},"image":{"@id":"https:\/\/www.ador-dental.de\/en\/#\/schema\/logo\/image\/"}}]}},"_links":{"self":[{"href":"https:\/\/www.ador-dental.de\/en\/wp-json\/wp\/v2\/product\/26234","targetHints":{"allow":["GET"]}}],"collection":[{"href":"https:\/\/www.ador-dental.de\/en\/wp-json\/wp\/v2\/product"}],"about":[{"href":"https:\/\/www.ador-dental.de\/en\/wp-json\/wp\/v2\/types\/product"}],"replies":[{"embeddable":true,"href":"https:\/\/www.ador-dental.de\/en\/wp-json\/wp\/v2\/comments?post=26234"}],"version-history":[{"count":11,"href":"https:\/\/www.ador-dental.de\/en\/wp-json\/wp\/v2\/product\/26234\/revisions"}],"predecessor-version":[{"id":31207,"href":"https:\/\/www.ador-dental.de\/en\/wp-json\/wp\/v2\/product\/26234\/revisions\/31207"}],"wp:featuredmedia":[{"embeddable":true,"href":"https:\/\/www.ador-dental.de\/en\/wp-json\/wp\/v2\/media\/31203"}],"wp:attachment":[{"href":"https:\/\/www.ador-dental.de\/en\/wp-json\/wp\/v2\/media?parent=26234"}],"wp:term":[{"taxonomy":"product_brand","embeddable":true,"href":"https:\/\/www.ador-dental.de\/en\/wp-json\/wp\/v2\/product_brand?post=26234"},{"taxonomy":"product_cat","embeddable":true,"href":"https:\/\/www.ador-dental.de\/en\/wp-json\/wp\/v2\/product_cat?post=26234"},{"taxonomy":"product_tag","embeddable":true,"href":"https:\/\/www.ador-dental.de\/en\/wp-json\/wp\/v2\/product_tag?post=26234"}],"curies":[{"name":"wp","href":"https:\/\/api.w.org\/{rel}","templated":true}]}}