{"id":15326,"date":"2021-01-22T16:11:56","date_gmt":"2021-01-22T15:11:56","guid":{"rendered":"https:\/\/new.ador-edelmetalle.de\/?post_type=product&#038;p=15326"},"modified":"2026-04-02T15:18:58","modified_gmt":"2026-04-02T13:18:58","slug":"mv-r-sinterofen","status":"publish","type":"product","link":"https:\/\/www.ador-dental.de\/en\/product\/mv-r-sinterofen\/","title":{"rendered":"Sintering furnace mv-r 15A"},"content":{"rendered":"<h4><strong>From a 0 to a 1500 in 8 minutes<\/strong><\/h4>\n<p>Flexibility is more in demand today than ever before. Innovative materials need innovative solutions. And so the <strong>MV-R<\/strong> has its finger on the pulse when it comes to the precise sintering of modern zirconium oxides. The <strong>MV-R<\/strong> offers you all the freedom you need - whether it's a veneer in 30 minutes, a single crown in 60 minutes or an implant bridge overnight - one thing is certain, you will sleep well in the future thanks to your reliable partner. Enter the new era of efficiency!<\/p>\n<p>&nbsp;<\/p>\n<p>\u2013 <strong>Extremely Fast<\/strong> with 200\u00b0C per Minute<\/p>\n<p>\u2013 <strong>Extremely High Temperatures<\/strong> with a maximum heat of 1650\u00b0C<\/p>\n<p>\u2013 <strong>Highly Precise <\/strong>with an accuracy of +\/- 1\u00b0C at 1500\u00b0C, controlled device cooling and<br \/>\nlinear cooling<\/p>\n<p>\u2013 <strong>High TEC<\/strong> through the latest control technology and molybdenum disilicide heating elements PRO<\/p>\n<p>\u2013 <strong>Full Flexibility <\/strong>4 sintering modes with SPEED-Motion, SPEED-Plus, SPEED and Classic<\/p>\n<p>\u2013 <strong>Easy Programming &amp; Controlling<\/strong> via the 7\" touch display and clear<br \/>\nmenu navigation<\/p>\n<p>\u2013 <strong>ON POINT<\/strong> with timer function, detailed device prognosis via QR code and access via<br \/>\nUSB interface<\/p>\n<p>&nbsp;<\/p>\n<h3><strong><u>Technical features<\/u><\/strong><\/h3>\n<p><u><strong>Heating system<\/strong><br \/>\n<\/u><strong>Mode:<\/strong> Speed Motion, Speed+, Speed, Classic<\/p>\n<p><strong>Max. Temperature:<\/strong> 1650\u00b0C<\/p>\n<p><strong>Heating elements:<\/strong> 4x MoSi2<\/p>\n<p><strong>Shortest heating time:<\/strong> 8 min at 1500\u00b0C with Speed Motion<\/p>\n<p><strong>Thermocouple type:<\/strong> PtRh-Pt, type S<\/p>\n<p><strong>Control accuracy at 1500\u00b0C:<\/strong> +\/-1 \u00b0C<\/p>\n<p><strong>Max. combustion chamber capacity:<\/strong> 2x sintering tray D100 x 30mm<\/p>\n<p><strong>Usable heating chamber height:<\/strong> 75mm<\/p>\n<p><strong><u>Program control<\/u><\/strong><\/p>\n<p><strong>Max. Temperature rise:<\/strong> \u00a0\u00a0\u00a0\u00a0\u00a0\u00a0\u00a0 0-900\u00b0C | 200\u00b0C\/ min 901-1200\u00b0C | 150\u00b0C\/ min 1201-1650\u00b0C | 125\u00b0C\/ min<\/p>\n<p><strong>Program locations:<\/strong> 200<\/p>\n<p><strong>Heating stages\/ cooling stages:<\/strong> 10<\/p>\n<p><strong>Special functions:<\/strong>\u00a0 1 Temperature control 2 Cleaning heating chamber 3 Regeneration heating elements<\/p>\n<p>&nbsp;<\/p>\n<h3><strong><u>Technical specifications<\/u><\/strong><\/h3>\n<p><strong>Power max:<\/strong> 3500 watts<\/p>\n<p><strong>Voltage range, frequency:<\/strong> 200-240V, 50\/60Hz<\/p>\n<p><strong>Weight:<\/strong> 65kg<\/p>\n<p><strong>Dimensions W\/D\/H:<\/strong> 390\/540\/780mm<\/p>\n<p><strong>Energy consumption per sintering cycle:<\/strong> 1,8 kWh at SPEED<\/p>","protected":false},"excerpt":{"rendered":"<p>The MV-R offers you all the freedom you need for sintering - whether it's a veneer in 30 minutes, single crowns in 60 minutes or an implant bridge overnight!<\/p>\n<p>Free shipping and extra sintering tray!<\/p>\n<p><strong>Price on request\u00a0<\/strong><\/p>\n<p>RRP 11.350,00\u20ac<\/p>","protected":false},"featured_media":29829,"comment_status":"open","ping_status":"closed","template":"","meta":{"neve_meta_sidebar":"","neve_meta_container":"","neve_meta_enable_content_width":"off","neve_meta_content_width":70,"neve_meta_title_alignment":"","neve_meta_author_avatar":"","neve_post_elements_order":"","neve_meta_disable_header":"","neve_meta_disable_footer":"","neve_meta_disable_title":"","_themeisle_gutenberg_block_has_review":false},"product_brand":[],"product_cat":[1304,440,989],"product_tag":[434],"class_list":{"0":"post-15326","1":"product","2":"type-product","3":"status-publish","4":"has-post-thumbnail","6":"product_cat-mv-r-15a-ofen","7":"product_cat-sinteroefen","8":"product_cat-speedofen-zirkon-mv-r-15a","9":"product_tag-dentalheld","11":"first","12":"instock","13":"taxable","14":"shipping-taxable","15":"product-type-simple"},"yoast_head":"<!-- This site is optimized with the Yoast SEO plugin v27.5 - https:\/\/yoast.com\/product\/yoast-seo-wordpress\/ -->\n<title>Sinterofen mv-r 15A - Ador Dental GmbH<\/title>\n<meta name=\"description\" content=\"Der MV-R bietet Ihnen dabei alle Freiheiten die Sie ben\u00f6tigen - Sie werden durch Ihren zuverl\u00e4ssigem Partner k\u00fcnftig gut schlafen.\" \/>\n<meta name=\"robots\" content=\"index, follow, max-snippet:-1, max-image-preview:large, max-video-preview:-1\" \/>\n<link rel=\"canonical\" href=\"https:\/\/www.ador-dental.de\/en\/product\/mv-r-sinterofen\/\" \/>\n<meta property=\"og:locale\" content=\"en_US\" \/>\n<meta property=\"og:type\" content=\"article\" \/>\n<meta property=\"og:title\" content=\"Sinterofen mv-r 15A - Ador Dental GmbH\" \/>\n<meta property=\"og:description\" content=\"Der MV-R bietet Ihnen dabei alle Freiheiten die Sie ben\u00f6tigen - Sie werden durch Ihren zuverl\u00e4ssigem Partner k\u00fcnftig gut schlafen.\" \/>\n<meta property=\"og:url\" content=\"https:\/\/www.ador-dental.de\/en\/product\/mv-r-sinterofen\/\" \/>\n<meta property=\"og:site_name\" content=\"Ador Dental GmbH\" \/>\n<meta property=\"article:modified_time\" content=\"2026-04-02T13:18:58+00:00\" \/>\n<meta property=\"og:image\" content=\"https:\/\/www.ador-dental.de\/wp-content\/uploads\/2025\/06\/MVR.png\" \/>\n\t<meta property=\"og:image:width\" content=\"1024\" \/>\n\t<meta property=\"og:image:height\" content=\"1024\" \/>\n\t<meta property=\"og:image:type\" content=\"image\/png\" \/>\n<meta name=\"twitter:card\" content=\"summary_large_image\" \/>\n<meta name=\"twitter:label1\" content=\"Est. reading time\" \/>\n\t<meta name=\"twitter:data1\" content=\"2 minutes\" \/>\n<script type=\"application\/ld+json\" class=\"yoast-schema-graph\">{\"@context\":\"https:\\\/\\\/schema.org\",\"@graph\":[{\"@type\":\"WebPage\",\"@id\":\"https:\\\/\\\/www.ador-dental.de\\\/produkt\\\/mv-r-sinterofen\\\/\",\"url\":\"https:\\\/\\\/www.ador-dental.de\\\/produkt\\\/mv-r-sinterofen\\\/\",\"name\":\"Sinterofen mv-r 15A - Ador Dental GmbH\",\"isPartOf\":{\"@id\":\"https:\\\/\\\/www.ador-dental.de\\\/en\\\/#website\"},\"primaryImageOfPage\":{\"@id\":\"https:\\\/\\\/www.ador-dental.de\\\/produkt\\\/mv-r-sinterofen\\\/#primaryimage\"},\"image\":{\"@id\":\"https:\\\/\\\/www.ador-dental.de\\\/produkt\\\/mv-r-sinterofen\\\/#primaryimage\"},\"thumbnailUrl\":\"https:\\\/\\\/www.ador-dental.de\\\/wp-content\\\/uploads\\\/2025\\\/06\\\/MVR.png\",\"datePublished\":\"2021-01-22T15:11:56+00:00\",\"dateModified\":\"2026-04-02T13:18:58+00:00\",\"description\":\"Der MV-R bietet Ihnen dabei alle Freiheiten die Sie ben\u00f6tigen - Sie werden durch Ihren zuverl\u00e4ssigem Partner k\u00fcnftig gut schlafen.\",\"breadcrumb\":{\"@id\":\"https:\\\/\\\/www.ador-dental.de\\\/produkt\\\/mv-r-sinterofen\\\/#breadcrumb\"},\"inLanguage\":\"en-US\",\"potentialAction\":[{\"@type\":\"ReadAction\",\"target\":[\"https:\\\/\\\/www.ador-dental.de\\\/produkt\\\/mv-r-sinterofen\\\/\"]}]},{\"@type\":\"ImageObject\",\"inLanguage\":\"en-US\",\"@id\":\"https:\\\/\\\/www.ador-dental.de\\\/produkt\\\/mv-r-sinterofen\\\/#primaryimage\",\"url\":\"https:\\\/\\\/www.ador-dental.de\\\/wp-content\\\/uploads\\\/2025\\\/06\\\/MVR.png\",\"contentUrl\":\"https:\\\/\\\/www.ador-dental.de\\\/wp-content\\\/uploads\\\/2025\\\/06\\\/MVR.png\",\"width\":1024,\"height\":1024},{\"@type\":\"BreadcrumbList\",\"@id\":\"https:\\\/\\\/www.ador-dental.de\\\/produkt\\\/mv-r-sinterofen\\\/#breadcrumb\",\"itemListElement\":[{\"@type\":\"ListItem\",\"position\":1,\"name\":\"Startseite\",\"item\":\"https:\\\/\\\/www.ador-dental.de\\\/\"},{\"@type\":\"ListItem\",\"position\":2,\"name\":\"Shop\",\"item\":\"https:\\\/\\\/www.ador-dental.de\\\/en\\\/shop\\\/\"},{\"@type\":\"ListItem\",\"position\":3,\"name\":\"Sinterofen mv-r 15A\"}]},{\"@type\":\"WebSite\",\"@id\":\"https:\\\/\\\/www.ador-dental.de\\\/en\\\/#website\",\"url\":\"https:\\\/\\\/www.ador-dental.de\\\/en\\\/\",\"name\":\"Ador Dental GmbH\",\"description\":\"\",\"publisher\":{\"@id\":\"https:\\\/\\\/www.ador-dental.de\\\/en\\\/#organization\"},\"potentialAction\":[{\"@type\":\"SearchAction\",\"target\":{\"@type\":\"EntryPoint\",\"urlTemplate\":\"https:\\\/\\\/www.ador-dental.de\\\/en\\\/?s={search_term_string}\"},\"query-input\":{\"@type\":\"PropertyValueSpecification\",\"valueRequired\":true,\"valueName\":\"search_term_string\"}}],\"inLanguage\":\"en-US\"},{\"@type\":\"Organization\",\"@id\":\"https:\\\/\\\/www.ador-dental.de\\\/en\\\/#organization\",\"name\":\"Ador Dental GmbH\",\"url\":\"https:\\\/\\\/www.ador-dental.de\\\/en\\\/\",\"logo\":{\"@type\":\"ImageObject\",\"inLanguage\":\"en-US\",\"@id\":\"https:\\\/\\\/www.ador-dental.de\\\/en\\\/#\\\/schema\\\/logo\\\/image\\\/\",\"url\":\"https:\\\/\\\/www.ador-dental.de\\\/wp-content\\\/uploads\\\/2021\\\/10\\\/ADOR_Logo_DentalSolutions_2020_Black.svg\",\"contentUrl\":\"https:\\\/\\\/www.ador-dental.de\\\/wp-content\\\/uploads\\\/2021\\\/10\\\/ADOR_Logo_DentalSolutions_2020_Black.svg\",\"width\":678,\"height\":261,\"caption\":\"Ador Dental GmbH\"},\"image\":{\"@id\":\"https:\\\/\\\/www.ador-dental.de\\\/en\\\/#\\\/schema\\\/logo\\\/image\\\/\"}}]}<\/script>\n<!-- \/ Yoast SEO plugin. -->","yoast_head_json":{"title":"Sinterofen mv-r 15A - Ador Dental GmbH","description":"Der MV-R bietet Ihnen dabei alle Freiheiten die Sie ben\u00f6tigen - Sie werden durch Ihren zuverl\u00e4ssigem Partner k\u00fcnftig gut schlafen.","robots":{"index":"index","follow":"follow","max-snippet":"max-snippet:-1","max-image-preview":"max-image-preview:large","max-video-preview":"max-video-preview:-1"},"canonical":"https:\/\/www.ador-dental.de\/en\/product\/mv-r-sinterofen\/","og_locale":"en_US","og_type":"article","og_title":"Sinterofen mv-r 15A - Ador Dental GmbH","og_description":"Der MV-R bietet Ihnen dabei alle Freiheiten die Sie ben\u00f6tigen - Sie werden durch Ihren zuverl\u00e4ssigem Partner k\u00fcnftig gut schlafen.","og_url":"https:\/\/www.ador-dental.de\/en\/product\/mv-r-sinterofen\/","og_site_name":"Ador Dental GmbH","article_modified_time":"2026-04-02T13:18:58+00:00","og_image":[{"width":1024,"height":1024,"url":"https:\/\/www.ador-dental.de\/wp-content\/uploads\/2025\/06\/MVR.png","type":"image\/png"}],"twitter_card":"summary_large_image","twitter_misc":{"Est. reading time":"2 minutes"},"schema":{"@context":"https:\/\/schema.org","@graph":[{"@type":"WebPage","@id":"https:\/\/www.ador-dental.de\/produkt\/mv-r-sinterofen\/","url":"https:\/\/www.ador-dental.de\/produkt\/mv-r-sinterofen\/","name":"Sinterofen mv-r 15A - Ador Dental GmbH","isPartOf":{"@id":"https:\/\/www.ador-dental.de\/en\/#website"},"primaryImageOfPage":{"@id":"https:\/\/www.ador-dental.de\/produkt\/mv-r-sinterofen\/#primaryimage"},"image":{"@id":"https:\/\/www.ador-dental.de\/produkt\/mv-r-sinterofen\/#primaryimage"},"thumbnailUrl":"https:\/\/www.ador-dental.de\/wp-content\/uploads\/2025\/06\/MVR.png","datePublished":"2021-01-22T15:11:56+00:00","dateModified":"2026-04-02T13:18:58+00:00","description":"Der MV-R bietet Ihnen dabei alle Freiheiten die Sie ben\u00f6tigen - Sie werden durch Ihren zuverl\u00e4ssigem Partner k\u00fcnftig gut schlafen.","breadcrumb":{"@id":"https:\/\/www.ador-dental.de\/produkt\/mv-r-sinterofen\/#breadcrumb"},"inLanguage":"en-US","potentialAction":[{"@type":"ReadAction","target":["https:\/\/www.ador-dental.de\/produkt\/mv-r-sinterofen\/"]}]},{"@type":"ImageObject","inLanguage":"en-US","@id":"https:\/\/www.ador-dental.de\/produkt\/mv-r-sinterofen\/#primaryimage","url":"https:\/\/www.ador-dental.de\/wp-content\/uploads\/2025\/06\/MVR.png","contentUrl":"https:\/\/www.ador-dental.de\/wp-content\/uploads\/2025\/06\/MVR.png","width":1024,"height":1024},{"@type":"BreadcrumbList","@id":"https:\/\/www.ador-dental.de\/produkt\/mv-r-sinterofen\/#breadcrumb","itemListElement":[{"@type":"ListItem","position":1,"name":"Startseite","item":"https:\/\/www.ador-dental.de\/"},{"@type":"ListItem","position":2,"name":"Shop","item":"https:\/\/www.ador-dental.de\/en\/shop\/"},{"@type":"ListItem","position":3,"name":"Sinterofen mv-r 15A"}]},{"@type":"WebSite","@id":"https:\/\/www.ador-dental.de\/en\/#website","url":"https:\/\/www.ador-dental.de\/en\/","name":"Ador Dental GmbH","description":"","publisher":{"@id":"https:\/\/www.ador-dental.de\/en\/#organization"},"potentialAction":[{"@type":"SearchAction","target":{"@type":"EntryPoint","urlTemplate":"https:\/\/www.ador-dental.de\/en\/?s={search_term_string}"},"query-input":{"@type":"PropertyValueSpecification","valueRequired":true,"valueName":"search_term_string"}}],"inLanguage":"en-US"},{"@type":"Organization","@id":"https:\/\/www.ador-dental.de\/en\/#organization","name":"Ador Dental GmbH","url":"https:\/\/www.ador-dental.de\/en\/","logo":{"@type":"ImageObject","inLanguage":"en-US","@id":"https:\/\/www.ador-dental.de\/en\/#\/schema\/logo\/image\/","url":"https:\/\/www.ador-dental.de\/wp-content\/uploads\/2021\/10\/ADOR_Logo_DentalSolutions_2020_Black.svg","contentUrl":"https:\/\/www.ador-dental.de\/wp-content\/uploads\/2021\/10\/ADOR_Logo_DentalSolutions_2020_Black.svg","width":678,"height":261,"caption":"Ador Dental GmbH"},"image":{"@id":"https:\/\/www.ador-dental.de\/en\/#\/schema\/logo\/image\/"}}]}},"_links":{"self":[{"href":"https:\/\/www.ador-dental.de\/en\/wp-json\/wp\/v2\/product\/15326","targetHints":{"allow":["GET"]}}],"collection":[{"href":"https:\/\/www.ador-dental.de\/en\/wp-json\/wp\/v2\/product"}],"about":[{"href":"https:\/\/www.ador-dental.de\/en\/wp-json\/wp\/v2\/types\/product"}],"replies":[{"embeddable":true,"href":"https:\/\/www.ador-dental.de\/en\/wp-json\/wp\/v2\/comments?post=15326"}],"version-history":[{"count":10,"href":"https:\/\/www.ador-dental.de\/en\/wp-json\/wp\/v2\/product\/15326\/revisions"}],"predecessor-version":[{"id":29762,"href":"https:\/\/www.ador-dental.de\/en\/wp-json\/wp\/v2\/product\/15326\/revisions\/29762"}],"wp:featuredmedia":[{"embeddable":true,"href":"https:\/\/www.ador-dental.de\/en\/wp-json\/wp\/v2\/media\/29829"}],"wp:attachment":[{"href":"https:\/\/www.ador-dental.de\/en\/wp-json\/wp\/v2\/media?parent=15326"}],"wp:term":[{"taxonomy":"product_brand","embeddable":true,"href":"https:\/\/www.ador-dental.de\/en\/wp-json\/wp\/v2\/product_brand?post=15326"},{"taxonomy":"product_cat","embeddable":true,"href":"https:\/\/www.ador-dental.de\/en\/wp-json\/wp\/v2\/product_cat?post=15326"},{"taxonomy":"product_tag","embeddable":true,"href":"https:\/\/www.ador-dental.de\/en\/wp-json\/wp\/v2\/product_tag?post=15326"}],"curies":[{"name":"wp","href":"https:\/\/api.w.org\/{rel}","templated":true}]}}