{"id":11609,"date":"2020-09-04T12:27:24","date_gmt":"2020-09-04T10:27:24","guid":{"rendered":"https:\/\/new.ador-edelmetalle.de\/?post_type=product&#038;p=11609"},"modified":"2025-11-05T12:07:08","modified_gmt":"2025-11-05T11:07:08","slug":"tabeo-1-m-zirkon-100-sinternofen-klassik","status":"publish","type":"product","link":"https:\/\/www.ador-dental.de\/en\/product\/tabeo-1-m-zirkon-100-sinternofen-klassik\/","title":{"rendered":"MV Tabeo-1\/M\/Zirkon-100"},"content":{"rendered":"<p><strong>&gt;&gt;&gt;<a  data-e-disable-page-transition=\"true\" class=\"download-link\" title=\"\" href=\"https:\/\/www.ador-dental.de\/en\/download\/11695\/?tmstv=1776311372\" rel=\"nofollow\" id=\"download-link-11695\" data-redirect=\"false\" >\n\tMIHM-Vogt flyer, product insert TABEO-1\/M\/ZIRKON<\/a>\n<\/strong><\/p>\n<p><strong>TABEO-1\/M\/ZIRKON-100 Sintering furnace CLASSIC\u00a0<\/strong><\/p>\n<p>The Tabeo-1 is the entry-level unit for reliable sintering of zirconia. The sintering tray in the size \u00d8 100\u00d730 mm has a capacity of up to 30 individual crowns.<br \/>\nProven heating technology thanks to molybdenum disilicide heating elements - MoSi- enable high temperatures of up to 1650\u00b0C. Storing 9 sintering curves with max. 4 stages each provides<br \/>\nFlexibility in the use of a wide variety of zirconium oxide materials. At the same time, precise sintering results are always ensured by the high temperature accuracy of +\/- 3 \u00b0C at 1500\u00b0C.<\/p>\n<p><strong>Features:<br \/>\n<\/strong>Sintering capacity: 1x tray \u00d8 100\u00d730 mm<br \/>\nMolybdenum disilicide heating elements<br \/>\nMaximum temperature 1650\u00b0C<\/p>\n<p><strong>Service Programs:<br \/>\n<\/strong>- Temperature control with optional measuring kit<br \/>\n- Cleaning heating chamber<br \/>\n- Regeneration heating elements<\/p>\n<p><strong>Program Control:<\/strong><br \/>\n- Display with 7-segment LED<br \/>\n\u2013 NEW: 9 heat settings<br \/>\n- 9 program places<br \/>\n- Special functions<br \/>\nMax. Heating rate 25\u00b0C\/min<br \/>\nTemperature accuracy at 1500\u00b0C +\/- 3 \u00b0C<br \/>\nTimer function<br \/>\nAccess combustion chamber via front door<\/p>\n<p><strong>Technical specifications:<br \/>\n<\/strong>Firing chamber capacity: 1 tray \u00d8 100\u00d730 mm<br \/>\nPower max.: 1500 W<br \/>\nMains voltage: 220-240 V, 50\/60 Hz<\/p>\n<p><strong>Scope of supply:<br \/>\n<\/strong>1x Tabeo-1 sintering furnace zirconia<br \/>\n1x Sintered beads YTZ, 2,0; 200g<br \/>\n1x sintering tray,100\/30<br \/>\n1x Sintering bowl lid, 100\/4<br \/>\n1x T-1 extraction fork<br \/>\n1x power supply cable EU, C19; 16A<\/p>","protected":false},"excerpt":{"rendered":"<p><strong>Scope of delivery: see below<\/strong><\/p>\n<p>The Tabeo-1 is the entry level for reliable sintering of zirconia.<\/p>\n<p><strong>Price on request\u00a0<\/strong><\/p>\n<p>RRP 5.550,00\u20ac<\/p>","protected":false},"featured_media":29831,"comment_status":"open","ping_status":"closed","template":"","meta":{"neve_meta_sidebar":"","neve_meta_container":"","neve_meta_enable_content_width":"off","neve_meta_content_width":70,"neve_meta_title_alignment":"","neve_meta_author_avatar":"","neve_post_elements_order":"","neve_meta_disable_header":"","neve_meta_disable_footer":"","neve_meta_disable_title":"","_themeisle_gutenberg_block_has_review":false},"product_brand":[],"product_cat":[440,983,1036],"product_tag":[434],"class_list":{"0":"post-11609","1":"product","2":"type-product","3":"status-publish","4":"has-post-thumbnail","6":"product_cat-sinteroefen","7":"product_cat-tabeo-1-m-zirkon-100-sinterofen-klassik","8":"product_cat-tabeo-1-m-zirkon-100-sinterofen-klassik-tabeo-1-m-zirkon-100-sinterofen-klassik","9":"product_tag-dentalheld","11":"first","12":"instock","13":"taxable","14":"shipping-taxable","15":"product-type-simple"},"yoast_head":"<!-- This site is optimized with the Yoast SEO plugin v27.2 - https:\/\/yoast.com\/product\/yoast-seo-wordpress\/ -->\n<title>MV Tabeo-1\/M\/Zirkon-100 - Ador Dental GmbH<\/title>\n<meta name=\"description\" content=\"Der Tabeo-1 ist die Einstiegsklasse zum zuverl\u00e4ssigen Sintern von Zirkoniumdioxid. Bew\u00e4hrte Heiztechnik dank Molybd\u00e4ndisilizid-Heizelementen.\" \/>\n<meta name=\"robots\" content=\"index, follow, max-snippet:-1, max-image-preview:large, max-video-preview:-1\" \/>\n<link rel=\"canonical\" href=\"https:\/\/www.ador-dental.de\/en\/product\/tabeo-1-m-zirkon-100-sinternofen-klassik\/\" \/>\n<meta property=\"og:locale\" content=\"en_US\" \/>\n<meta property=\"og:type\" content=\"article\" \/>\n<meta property=\"og:title\" content=\"MV Tabeo-1\/M\/Zirkon-100 - Ador Dental GmbH\" \/>\n<meta property=\"og:description\" content=\"Der Tabeo-1 ist die Einstiegsklasse zum zuverl\u00e4ssigen Sintern von Zirkoniumdioxid. Bew\u00e4hrte Heiztechnik dank Molybd\u00e4ndisilizid-Heizelementen.\" \/>\n<meta property=\"og:url\" content=\"https:\/\/www.ador-dental.de\/en\/product\/tabeo-1-m-zirkon-100-sinternofen-klassik\/\" \/>\n<meta property=\"og:site_name\" content=\"Ador Dental GmbH\" \/>\n<meta property=\"article:modified_time\" content=\"2025-11-05T11:07:08+00:00\" \/>\n<meta property=\"og:image\" content=\"https:\/\/www.ador-dental.de\/wp-content\/uploads\/2025\/06\/Tabeo1-1.png\" \/>\n\t<meta property=\"og:image:width\" content=\"1024\" \/>\n\t<meta property=\"og:image:height\" content=\"1024\" \/>\n\t<meta property=\"og:image:type\" content=\"image\/png\" \/>\n<meta name=\"twitter:card\" content=\"summary_large_image\" \/>\n<meta name=\"twitter:label1\" content=\"Est. reading time\" \/>\n\t<meta name=\"twitter:data1\" content=\"1 minute\" \/>\n<script type=\"application\/ld+json\" class=\"yoast-schema-graph\">{\"@context\":\"https:\/\/schema.org\",\"@graph\":[{\"@type\":\"WebPage\",\"@id\":\"https:\/\/www.ador-dental.de\/produkt\/tabeo-1-m-zirkon-100-sinternofen-klassik\/\",\"url\":\"https:\/\/www.ador-dental.de\/produkt\/tabeo-1-m-zirkon-100-sinternofen-klassik\/\",\"name\":\"MV Tabeo-1\/M\/Zirkon-100 - Ador Dental GmbH\",\"isPartOf\":{\"@id\":\"https:\/\/www.ador-dental.de\/en\/#website\"},\"primaryImageOfPage\":{\"@id\":\"https:\/\/www.ador-dental.de\/produkt\/tabeo-1-m-zirkon-100-sinternofen-klassik\/#primaryimage\"},\"image\":{\"@id\":\"https:\/\/www.ador-dental.de\/produkt\/tabeo-1-m-zirkon-100-sinternofen-klassik\/#primaryimage\"},\"thumbnailUrl\":\"https:\/\/www.ador-dental.de\/wp-content\/uploads\/2025\/06\/Tabeo1-1.png\",\"datePublished\":\"2020-09-04T10:27:24+00:00\",\"dateModified\":\"2025-11-05T11:07:08+00:00\",\"description\":\"Der Tabeo-1 ist die Einstiegsklasse zum zuverl\u00e4ssigen Sintern von Zirkoniumdioxid. Bew\u00e4hrte Heiztechnik dank Molybd\u00e4ndisilizid-Heizelementen.\",\"breadcrumb\":{\"@id\":\"https:\/\/www.ador-dental.de\/produkt\/tabeo-1-m-zirkon-100-sinternofen-klassik\/#breadcrumb\"},\"inLanguage\":\"en-US\",\"potentialAction\":[{\"@type\":\"ReadAction\",\"target\":[\"https:\/\/www.ador-dental.de\/produkt\/tabeo-1-m-zirkon-100-sinternofen-klassik\/\"]}]},{\"@type\":\"ImageObject\",\"inLanguage\":\"en-US\",\"@id\":\"https:\/\/www.ador-dental.de\/produkt\/tabeo-1-m-zirkon-100-sinternofen-klassik\/#primaryimage\",\"url\":\"https:\/\/www.ador-dental.de\/wp-content\/uploads\/2025\/06\/Tabeo1-1.png\",\"contentUrl\":\"https:\/\/www.ador-dental.de\/wp-content\/uploads\/2025\/06\/Tabeo1-1.png\",\"width\":1024,\"height\":1024},{\"@type\":\"BreadcrumbList\",\"@id\":\"https:\/\/www.ador-dental.de\/produkt\/tabeo-1-m-zirkon-100-sinternofen-klassik\/#breadcrumb\",\"itemListElement\":[{\"@type\":\"ListItem\",\"position\":1,\"name\":\"Startseite\",\"item\":\"https:\/\/www.ador-dental.de\/\"},{\"@type\":\"ListItem\",\"position\":2,\"name\":\"Shop\",\"item\":\"https:\/\/www.ador-dental.de\/en\/shop\/\"},{\"@type\":\"ListItem\",\"position\":3,\"name\":\"MV Tabeo-1\/M\/Zirkon-100\"}]},{\"@type\":\"WebSite\",\"@id\":\"https:\/\/www.ador-dental.de\/en\/#website\",\"url\":\"https:\/\/www.ador-dental.de\/en\/\",\"name\":\"Ador Dental GmbH\",\"description\":\"\",\"publisher\":{\"@id\":\"https:\/\/www.ador-dental.de\/en\/#organization\"},\"potentialAction\":[{\"@type\":\"SearchAction\",\"target\":{\"@type\":\"EntryPoint\",\"urlTemplate\":\"https:\/\/www.ador-dental.de\/en\/?s={search_term_string}\"},\"query-input\":{\"@type\":\"PropertyValueSpecification\",\"valueRequired\":true,\"valueName\":\"search_term_string\"}}],\"inLanguage\":\"en-US\"},{\"@type\":\"Organization\",\"@id\":\"https:\/\/www.ador-dental.de\/en\/#organization\",\"name\":\"Ador Dental GmbH\",\"url\":\"https:\/\/www.ador-dental.de\/en\/\",\"logo\":{\"@type\":\"ImageObject\",\"inLanguage\":\"en-US\",\"@id\":\"https:\/\/www.ador-dental.de\/en\/#\/schema\/logo\/image\/\",\"url\":\"https:\/\/www.ador-dental.de\/wp-content\/uploads\/2021\/10\/ADOR_Logo_DentalSolutions_2020_Black.svg\",\"contentUrl\":\"https:\/\/www.ador-dental.de\/wp-content\/uploads\/2021\/10\/ADOR_Logo_DentalSolutions_2020_Black.svg\",\"width\":678,\"height\":261,\"caption\":\"Ador Dental GmbH\"},\"image\":{\"@id\":\"https:\/\/www.ador-dental.de\/en\/#\/schema\/logo\/image\/\"}}]}<\/script>\n<!-- \/ Yoast SEO plugin. -->","yoast_head_json":{"title":"MV Tabeo-1\/M\/Zirkon-100 - Ador Dental GmbH","description":"Der Tabeo-1 ist die Einstiegsklasse zum zuverl\u00e4ssigen Sintern von Zirkoniumdioxid. Bew\u00e4hrte Heiztechnik dank Molybd\u00e4ndisilizid-Heizelementen.","robots":{"index":"index","follow":"follow","max-snippet":"max-snippet:-1","max-image-preview":"max-image-preview:large","max-video-preview":"max-video-preview:-1"},"canonical":"https:\/\/www.ador-dental.de\/en\/product\/tabeo-1-m-zirkon-100-sinternofen-klassik\/","og_locale":"en_US","og_type":"article","og_title":"MV Tabeo-1\/M\/Zirkon-100 - Ador Dental GmbH","og_description":"Der Tabeo-1 ist die Einstiegsklasse zum zuverl\u00e4ssigen Sintern von Zirkoniumdioxid. Bew\u00e4hrte Heiztechnik dank Molybd\u00e4ndisilizid-Heizelementen.","og_url":"https:\/\/www.ador-dental.de\/en\/product\/tabeo-1-m-zirkon-100-sinternofen-klassik\/","og_site_name":"Ador Dental GmbH","article_modified_time":"2025-11-05T11:07:08+00:00","og_image":[{"width":1024,"height":1024,"url":"https:\/\/www.ador-dental.de\/wp-content\/uploads\/2025\/06\/Tabeo1-1.png","type":"image\/png"}],"twitter_card":"summary_large_image","twitter_misc":{"Est. reading time":"1 minute"},"schema":{"@context":"https:\/\/schema.org","@graph":[{"@type":"WebPage","@id":"https:\/\/www.ador-dental.de\/produkt\/tabeo-1-m-zirkon-100-sinternofen-klassik\/","url":"https:\/\/www.ador-dental.de\/produkt\/tabeo-1-m-zirkon-100-sinternofen-klassik\/","name":"MV Tabeo-1\/M\/Zirkon-100 - Ador Dental GmbH","isPartOf":{"@id":"https:\/\/www.ador-dental.de\/en\/#website"},"primaryImageOfPage":{"@id":"https:\/\/www.ador-dental.de\/produkt\/tabeo-1-m-zirkon-100-sinternofen-klassik\/#primaryimage"},"image":{"@id":"https:\/\/www.ador-dental.de\/produkt\/tabeo-1-m-zirkon-100-sinternofen-klassik\/#primaryimage"},"thumbnailUrl":"https:\/\/www.ador-dental.de\/wp-content\/uploads\/2025\/06\/Tabeo1-1.png","datePublished":"2020-09-04T10:27:24+00:00","dateModified":"2025-11-05T11:07:08+00:00","description":"Der Tabeo-1 ist die Einstiegsklasse zum zuverl\u00e4ssigen Sintern von Zirkoniumdioxid. Bew\u00e4hrte Heiztechnik dank Molybd\u00e4ndisilizid-Heizelementen.","breadcrumb":{"@id":"https:\/\/www.ador-dental.de\/produkt\/tabeo-1-m-zirkon-100-sinternofen-klassik\/#breadcrumb"},"inLanguage":"en-US","potentialAction":[{"@type":"ReadAction","target":["https:\/\/www.ador-dental.de\/produkt\/tabeo-1-m-zirkon-100-sinternofen-klassik\/"]}]},{"@type":"ImageObject","inLanguage":"en-US","@id":"https:\/\/www.ador-dental.de\/produkt\/tabeo-1-m-zirkon-100-sinternofen-klassik\/#primaryimage","url":"https:\/\/www.ador-dental.de\/wp-content\/uploads\/2025\/06\/Tabeo1-1.png","contentUrl":"https:\/\/www.ador-dental.de\/wp-content\/uploads\/2025\/06\/Tabeo1-1.png","width":1024,"height":1024},{"@type":"BreadcrumbList","@id":"https:\/\/www.ador-dental.de\/produkt\/tabeo-1-m-zirkon-100-sinternofen-klassik\/#breadcrumb","itemListElement":[{"@type":"ListItem","position":1,"name":"Startseite","item":"https:\/\/www.ador-dental.de\/"},{"@type":"ListItem","position":2,"name":"Shop","item":"https:\/\/www.ador-dental.de\/en\/shop\/"},{"@type":"ListItem","position":3,"name":"MV Tabeo-1\/M\/Zirkon-100"}]},{"@type":"WebSite","@id":"https:\/\/www.ador-dental.de\/en\/#website","url":"https:\/\/www.ador-dental.de\/en\/","name":"Ador Dental GmbH","description":"","publisher":{"@id":"https:\/\/www.ador-dental.de\/en\/#organization"},"potentialAction":[{"@type":"SearchAction","target":{"@type":"EntryPoint","urlTemplate":"https:\/\/www.ador-dental.de\/en\/?s={search_term_string}"},"query-input":{"@type":"PropertyValueSpecification","valueRequired":true,"valueName":"search_term_string"}}],"inLanguage":"en-US"},{"@type":"Organization","@id":"https:\/\/www.ador-dental.de\/en\/#organization","name":"Ador Dental GmbH","url":"https:\/\/www.ador-dental.de\/en\/","logo":{"@type":"ImageObject","inLanguage":"en-US","@id":"https:\/\/www.ador-dental.de\/en\/#\/schema\/logo\/image\/","url":"https:\/\/www.ador-dental.de\/wp-content\/uploads\/2021\/10\/ADOR_Logo_DentalSolutions_2020_Black.svg","contentUrl":"https:\/\/www.ador-dental.de\/wp-content\/uploads\/2021\/10\/ADOR_Logo_DentalSolutions_2020_Black.svg","width":678,"height":261,"caption":"Ador Dental GmbH"},"image":{"@id":"https:\/\/www.ador-dental.de\/en\/#\/schema\/logo\/image\/"}}]}},"_links":{"self":[{"href":"https:\/\/www.ador-dental.de\/en\/wp-json\/wp\/v2\/product\/11609","targetHints":{"allow":["GET"]}}],"collection":[{"href":"https:\/\/www.ador-dental.de\/en\/wp-json\/wp\/v2\/product"}],"about":[{"href":"https:\/\/www.ador-dental.de\/en\/wp-json\/wp\/v2\/types\/product"}],"replies":[{"embeddable":true,"href":"https:\/\/www.ador-dental.de\/en\/wp-json\/wp\/v2\/comments?post=11609"}],"version-history":[{"count":8,"href":"https:\/\/www.ador-dental.de\/en\/wp-json\/wp\/v2\/product\/11609\/revisions"}],"predecessor-version":[{"id":30485,"href":"https:\/\/www.ador-dental.de\/en\/wp-json\/wp\/v2\/product\/11609\/revisions\/30485"}],"wp:featuredmedia":[{"embeddable":true,"href":"https:\/\/www.ador-dental.de\/en\/wp-json\/wp\/v2\/media\/29831"}],"wp:attachment":[{"href":"https:\/\/www.ador-dental.de\/en\/wp-json\/wp\/v2\/media?parent=11609"}],"wp:term":[{"taxonomy":"product_brand","embeddable":true,"href":"https:\/\/www.ador-dental.de\/en\/wp-json\/wp\/v2\/product_brand?post=11609"},{"taxonomy":"product_cat","embeddable":true,"href":"https:\/\/www.ador-dental.de\/en\/wp-json\/wp\/v2\/product_cat?post=11609"},{"taxonomy":"product_tag","embeddable":true,"href":"https:\/\/www.ador-dental.de\/en\/wp-json\/wp\/v2\/product_tag?post=11609"}],"curies":[{"name":"wp","href":"https:\/\/api.w.org\/{rel}","templated":true}]}}