{"id":719,"date":"2019-07-16T10:27:53","date_gmt":"2019-07-16T10:27:53","guid":{"rendered":"https:\/\/demo.themeisle.com\/neve-architecture\/?page_id=23"},"modified":"2025-11-19T17:09:44","modified_gmt":"2025-11-19T16:09:44","slug":"ueber-uns","status":"publish","type":"page","link":"https:\/\/www.ador-dental.de\/en\/ueber-uns\/","title":{"rendered":"About us"},"content":{"rendered":"<div data-elementor-type=\"wp-post\" data-elementor-id=\"719\" class=\"elementor elementor-719\" data-elementor-post-type=\"page\">\n\t\t\t\t\t\t<section class=\"elementor-section elementor-top-section elementor-element elementor-element-618b833 elementor-section-height-min-height elementor-section-stretched elementor-section-boxed elementor-section-height-default elementor-section-items-middle\" data-id=\"618b833\" data-element_type=\"section\" data-e-type=\"section\" data-settings=\"{&quot;background_background&quot;:&quot;classic&quot;,&quot;stretch_section&quot;:&quot;section-stretched&quot;}\">\n\t\t\t\t\t\t\t<div class=\"elementor-background-overlay\"><\/div>\n\t\t\t\t\t\t\t<div class=\"elementor-container elementor-column-gap-default\">\n\t\t\t\t\t<div class=\"elementor-column elementor-col-100 elementor-top-column elementor-element elementor-element-e0f1ed2\" data-id=\"e0f1ed2\" data-element_type=\"column\" data-e-type=\"column\">\n\t\t\t<div class=\"elementor-widget-wrap elementor-element-populated\">\n\t\t\t\t\t\t<section class=\"elementor-section elementor-inner-section elementor-element elementor-element-13b5a32 elementor-section-boxed elementor-section-height-default elementor-section-height-default\" data-id=\"13b5a32\" data-element_type=\"section\" data-e-type=\"section\">\n\t\t\t\t\t\t<div class=\"elementor-container elementor-column-gap-default\">\n\t\t\t\t\t<div class=\"elementor-column elementor-col-100 elementor-inner-column elementor-element elementor-element-53839f4\" data-id=\"53839f4\" data-element_type=\"column\" data-e-type=\"column\">\n\t\t\t<div class=\"elementor-widget-wrap elementor-element-populated\">\n\t\t\t\t\t\t<div class=\"elementor-element elementor-element-b92c1b0 elementor-widget elementor-widget-heading\" data-id=\"b92c1b0\" data-element_type=\"widget\" data-e-type=\"widget\" data-widget_type=\"heading.default\">\n\t\t\t\t<div class=\"elementor-widget-container\">\n\t\t\t\t\t<span class=\"elementor-heading-title elementor-size-default\">The Ador Dental company<\/span>\t\t\t\t<\/div>\n\t\t\t\t<\/div>\n\t\t\t\t<div class=\"elementor-element elementor-element-1ae523f elementor-widget elementor-widget-heading\" data-id=\"1ae523f\" data-element_type=\"widget\" data-e-type=\"widget\" data-widget_type=\"heading.default\">\n\t\t\t\t<div class=\"elementor-widget-container\">\n\t\t\t\t\t<h1 class=\"elementor-heading-title elementor-size-default\">Overview<\/h1>\t\t\t\t<\/div>\n\t\t\t\t<\/div>\n\t\t\t\t\t<\/div>\n\t\t<\/div>\n\t\t\t\t\t<\/div>\n\t\t<\/section>\n\t\t\t\t\t<\/div>\n\t\t<\/div>\n\t\t\t\t\t<\/div>\n\t\t<\/section>\n\t\t\t\t<section class=\"elementor-section elementor-top-section elementor-element elementor-element-117b006 elementor-section-boxed elementor-section-height-default elementor-section-height-default\" data-id=\"117b006\" data-element_type=\"section\" data-e-type=\"section\" data-settings=\"{&quot;background_background&quot;:&quot;classic&quot;}\">\n\t\t\t\t\t\t<div class=\"elementor-container elementor-column-gap-default\">\n\t\t\t\t\t<div class=\"elementor-column elementor-col-100 elementor-top-column elementor-element elementor-element-c3d25af\" data-id=\"c3d25af\" data-element_type=\"column\" data-e-type=\"column\">\n\t\t\t<div class=\"elementor-widget-wrap elementor-element-populated\">\n\t\t\t\t\t\t<div class=\"elementor-element elementor-element-2992a2d elementor-widget elementor-widget-heading\" data-id=\"2992a2d\" data-element_type=\"widget\" data-e-type=\"widget\" data-widget_type=\"heading.default\">\n\t\t\t\t<div class=\"elementor-widget-container\">\n\t\t\t\t\t<h3 class=\"elementor-heading-title elementor-size-default\">ADOR DENTAL:<\/h3>\t\t\t\t<\/div>\n\t\t\t\t<\/div>\n\t\t\t\t<div class=\"elementor-element elementor-element-ebd1e8a elementor-widget elementor-widget-heading\" data-id=\"ebd1e8a\" data-element_type=\"widget\" data-e-type=\"widget\" data-widget_type=\"heading.default\">\n\t\t\t\t<div class=\"elementor-widget-container\">\n\t\t\t\t\t<h2 class=\"elementor-heading-title elementor-size-default\">\nQuality and commitment for over 30 years<\/h2>\t\t\t\t<\/div>\n\t\t\t\t<\/div>\n\t\t\t\t<div class=\"elementor-element elementor-element-f5097fe elementor-widget elementor-widget-text-editor\" data-id=\"f5097fe\" data-element_type=\"widget\" data-e-type=\"widget\" data-widget_type=\"text-editor.default\">\n\t\t\t\t<div class=\"elementor-widget-container\">\n\t\t\t\t\t\t\t\t\t<p>Ador Dental GmbH (formerly Ador Edelmetalle GmbH) has been a reliable partner to the German dental market for more than 30 years. We stand for high-quality dental alloys made from precious and non-precious metals, which have been specially developed for all dental indications. As one of the few European manufacturers, we offer both analog and digital non-precious metal products, manufactured directly in Germany.<\/p><p>Our mission is clear: <strong>The focus is on your individual requirements.<\/strong> We attach great importance to an uncomplicated and fast solution to your concerns and always keep an eye on the entire workflow. With our comprehensive expertise and personal advice, you are in the best hands with us. Our specialist medical device consultants provide support that is tailored to your needs.<\/p>\t\t\t\t\t\t\t\t<\/div>\n\t\t\t\t<\/div>\n\t\t\t\t<div class=\"elementor-element elementor-element-643c7ca elementor-widget elementor-widget-heading\" data-id=\"643c7ca\" data-element_type=\"widget\" data-e-type=\"widget\" data-widget_type=\"heading.default\">\n\t\t\t\t<div class=\"elementor-widget-container\">\n\t\t\t\t\t<h2 class=\"elementor-heading-title elementor-size-default\">Social commitment: more than just a company<\/h2>\t\t\t\t<\/div>\n\t\t\t\t<\/div>\n\t\t\t\t<div class=\"elementor-element elementor-element-96da704 elementor-widget elementor-widget-text-editor\" data-id=\"96da704\" data-element_type=\"widget\" data-e-type=\"widget\" data-widget_type=\"text-editor.default\">\n\t\t\t\t<div class=\"elementor-widget-container\">\n\t\t\t\t\t\t\t\t\t<p>Social responsibility is firmly anchored in our DNA. For over 25 years, we have been involved as the founder and main sponsor of the Stiftung <em>It's for Kids<\/em> for disadvantaged children. The initiative was launched in 2000 by Rainer Koch, then Managing Director of Ador Edelmetalle GmbH, with the aim of supporting mistreated, abused and neglected children.<\/p><p>It all began with a creative fundraising campaign: dentists collected precious metals from dental crowns in their surgeries, which were converted into donations. Through increasing support and numerous collaborations, the initiative grew until, in 2015, the <strong>charity fund <em>It's for Kids<\/em><\/strong> was founded.<\/p><p>For us, our commitment is more than just a project - it is part of our identity and is reflected in everything we do.<\/p>\t\t\t\t\t\t\t\t<\/div>\n\t\t\t\t<\/div>\n\t\t\t\t\t<\/div>\n\t\t<\/div>\n\t\t\t\t\t<\/div>\n\t\t<\/section>\n\t\t\t\t<section class=\"elementor-section elementor-top-section elementor-element elementor-element-ee3bc13 elementor-section-boxed elementor-section-height-default elementor-section-height-default\" data-id=\"ee3bc13\" data-element_type=\"section\" data-e-type=\"section\" data-settings=\"{&quot;background_background&quot;:&quot;classic&quot;}\">\n\t\t\t\t\t\t\t<div class=\"elementor-background-overlay\"><\/div>\n\t\t\t\t\t\t\t<div class=\"elementor-container elementor-column-gap-default\">\n\t\t\t\t\t<div class=\"elementor-column elementor-col-100 elementor-top-column elementor-element elementor-element-00c0bb2\" data-id=\"00c0bb2\" data-element_type=\"column\" data-e-type=\"column\">\n\t\t\t<div class=\"elementor-widget-wrap elementor-element-populated\">\n\t\t\t\t\t\t<section class=\"elementor-section elementor-inner-section elementor-element elementor-element-b356d0b elementor-section-content-middle elementor-section-boxed elementor-section-height-default elementor-section-height-default\" data-id=\"b356d0b\" data-element_type=\"section\" data-e-type=\"section\">\n\t\t\t\t\t\t<div class=\"elementor-container elementor-column-gap-default\">\n\t\t\t\t\t<div class=\"elementor-column elementor-col-100 elementor-inner-column elementor-element elementor-element-1132a94\" data-id=\"1132a94\" data-element_type=\"column\" data-e-type=\"column\">\n\t\t\t<div class=\"elementor-widget-wrap elementor-element-populated\">\n\t\t\t\t\t\t<div class=\"elementor-element elementor-element-2d6a891 elementor-widget elementor-widget-heading\" data-id=\"2d6a891\" data-element_type=\"widget\" data-e-type=\"widget\" data-widget_type=\"heading.default\">\n\t\t\t\t<div class=\"elementor-widget-container\">\n\t\t\t\t\t<span class=\"elementor-heading-title elementor-size-default\">You like our philosophy?<\/span>\t\t\t\t<\/div>\n\t\t\t\t<\/div>\n\t\t\t\t<div class=\"elementor-element elementor-element-612b4ab elementor-widget elementor-widget-heading\" data-id=\"612b4ab\" data-element_type=\"widget\" data-e-type=\"widget\" data-widget_type=\"heading.default\">\n\t\t\t\t<div class=\"elementor-widget-container\">\n\t\t\t\t\t<h2 class=\"elementor-heading-title elementor-size-default\">Let's work together!<\/h2>\t\t\t\t<\/div>\n\t\t\t\t<\/div>\n\t\t\t\t\t<\/div>\n\t\t<\/div>\n\t\t\t\t\t<\/div>\n\t\t<\/section>\n\t\t\t\t\t<\/div>\n\t\t<\/div>\n\t\t\t\t\t<\/div>\n\t\t<\/section>\n\t\t\t\t<\/div>","protected":false},"excerpt":{"rendered":"<p>The company Ador Dental About us ADOR DENTAL: Quality and commitment for over 30 years Ador Dental GmbH (formerly Ador Edelmetalle GmbH) has been a reliable partner for the German dental market for more than 30 years. We stand for high-quality dental alloys made of precious and non-precious metals that have been specially developed for all dental indications. As one of...&nbsp;<a href=\"https:\/\/www.ador-dental.de\/en\/ueber-uns\/\" rel=\"bookmark\">Read More \"<span class=\"screen-reader-text\">About us<\/span><\/a><\/p>","protected":false},"author":1,"featured_media":0,"parent":0,"menu_order":0,"comment_status":"closed","ping_status":"closed","template":"elementor_header_footer","meta":{"neve_meta_sidebar":"","neve_meta_container":"","neve_meta_enable_content_width":"off","neve_meta_content_width":0,"neve_meta_title_alignment":"","neve_meta_author_avatar":"","neve_post_elements_order":"","neve_meta_disable_header":"","neve_meta_disable_footer":"","neve_meta_disable_title":"","_themeisle_gutenberg_block_has_review":false,"footnotes":""},"class_list":["post-719","page","type-page","status-publish","hentry"],"yoast_head":"<!-- This site is optimized with the Yoast SEO plugin v27.2 - https:\/\/yoast.com\/product\/yoast-seo-wordpress\/ -->\n<title>\u00dcber uns - Ador Dental GmbH<\/title>\n<meta name=\"description\" content=\"\u00dcber Uns: Die Ador Edelmetalle GmbH beliefert seit \u00fcber 25 Jahren den deutschen Dentalmarkt mit h\u00f6chstwertigen Dentallegierungen\" \/>\n<meta name=\"robots\" content=\"index, follow, max-snippet:-1, max-image-preview:large, max-video-preview:-1\" \/>\n<link rel=\"canonical\" href=\"https:\/\/www.ador-dental.de\/en\/ueber-uns\/\" \/>\n<meta property=\"og:locale\" content=\"en_US\" \/>\n<meta property=\"og:type\" content=\"article\" \/>\n<meta property=\"og:title\" content=\"\u00dcber uns - Ador Dental GmbH\" \/>\n<meta property=\"og:description\" content=\"\u00dcber Uns: Die Ador Edelmetalle GmbH beliefert seit \u00fcber 25 Jahren den deutschen Dentalmarkt mit h\u00f6chstwertigen Dentallegierungen\" \/>\n<meta property=\"og:url\" content=\"https:\/\/www.ador-dental.de\/en\/ueber-uns\/\" \/>\n<meta property=\"og:site_name\" content=\"Ador Dental GmbH\" \/>\n<meta property=\"article:modified_time\" content=\"2025-11-19T16:09:44+00:00\" \/>\n<meta name=\"twitter:card\" content=\"summary_large_image\" \/>\n<meta name=\"twitter:label1\" content=\"Est. reading time\" \/>\n\t<meta name=\"twitter:data1\" content=\"2 minutes\" \/>\n<script type=\"application\/ld+json\" class=\"yoast-schema-graph\">{\"@context\":\"https:\/\/schema.org\",\"@graph\":[{\"@type\":\"WebPage\",\"@id\":\"https:\/\/www.ador-dental.de\/ueber-uns\/\",\"url\":\"https:\/\/www.ador-dental.de\/ueber-uns\/\",\"name\":\"\u00dcber uns - Ador Dental GmbH\",\"isPartOf\":{\"@id\":\"https:\/\/www.ador-dental.de\/en\/#website\"},\"datePublished\":\"2019-07-16T10:27:53+00:00\",\"dateModified\":\"2025-11-19T16:09:44+00:00\",\"description\":\"\u00dcber Uns: Die Ador Edelmetalle GmbH beliefert seit \u00fcber 25 Jahren den deutschen Dentalmarkt mit h\u00f6chstwertigen Dentallegierungen\",\"breadcrumb\":{\"@id\":\"https:\/\/www.ador-dental.de\/ueber-uns\/#breadcrumb\"},\"inLanguage\":\"en-US\",\"potentialAction\":[{\"@type\":\"ReadAction\",\"target\":[\"https:\/\/www.ador-dental.de\/ueber-uns\/\"]}]},{\"@type\":\"BreadcrumbList\",\"@id\":\"https:\/\/www.ador-dental.de\/ueber-uns\/#breadcrumb\",\"itemListElement\":[{\"@type\":\"ListItem\",\"position\":1,\"name\":\"Startseite\",\"item\":\"https:\/\/www.ador-dental.de\/\"},{\"@type\":\"ListItem\",\"position\":2,\"name\":\"\u00dcber uns\"}]},{\"@type\":\"WebSite\",\"@id\":\"https:\/\/www.ador-dental.de\/en\/#website\",\"url\":\"https:\/\/www.ador-dental.de\/en\/\",\"name\":\"Ador Dental GmbH\",\"description\":\"\",\"publisher\":{\"@id\":\"https:\/\/www.ador-dental.de\/en\/#organization\"},\"potentialAction\":[{\"@type\":\"SearchAction\",\"target\":{\"@type\":\"EntryPoint\",\"urlTemplate\":\"https:\/\/www.ador-dental.de\/en\/?s={search_term_string}\"},\"query-input\":{\"@type\":\"PropertyValueSpecification\",\"valueRequired\":true,\"valueName\":\"search_term_string\"}}],\"inLanguage\":\"en-US\"},{\"@type\":\"Organization\",\"@id\":\"https:\/\/www.ador-dental.de\/en\/#organization\",\"name\":\"Ador Dental GmbH\",\"url\":\"https:\/\/www.ador-dental.de\/en\/\",\"logo\":{\"@type\":\"ImageObject\",\"inLanguage\":\"en-US\",\"@id\":\"https:\/\/www.ador-dental.de\/en\/#\/schema\/logo\/image\/\",\"url\":\"https:\/\/www.ador-dental.de\/wp-content\/uploads\/2021\/10\/ADOR_Logo_DentalSolutions_2020_Black.svg\",\"contentUrl\":\"https:\/\/www.ador-dental.de\/wp-content\/uploads\/2021\/10\/ADOR_Logo_DentalSolutions_2020_Black.svg\",\"width\":678,\"height\":261,\"caption\":\"Ador Dental GmbH\"},\"image\":{\"@id\":\"https:\/\/www.ador-dental.de\/en\/#\/schema\/logo\/image\/\"}}]}<\/script>\n<!-- \/ Yoast SEO plugin. -->","yoast_head_json":{"title":"About us - Ador Dental GmbH","description":"About us: Ador Edelmetalle GmbH has been supplying the German dental market with the highest quality dental alloys for over 25 years","robots":{"index":"index","follow":"follow","max-snippet":"max-snippet:-1","max-image-preview":"max-image-preview:large","max-video-preview":"max-video-preview:-1"},"canonical":"https:\/\/www.ador-dental.de\/en\/ueber-uns\/","og_locale":"en_US","og_type":"article","og_title":"\u00dcber uns - Ador Dental GmbH","og_description":"\u00dcber Uns: Die Ador Edelmetalle GmbH beliefert seit \u00fcber 25 Jahren den deutschen Dentalmarkt mit h\u00f6chstwertigen Dentallegierungen","og_url":"https:\/\/www.ador-dental.de\/en\/ueber-uns\/","og_site_name":"Ador Dental GmbH","article_modified_time":"2025-11-19T16:09:44+00:00","twitter_card":"summary_large_image","twitter_misc":{"Est. reading time":"2 minutes"},"schema":{"@context":"https:\/\/schema.org","@graph":[{"@type":"WebPage","@id":"https:\/\/www.ador-dental.de\/ueber-uns\/","url":"https:\/\/www.ador-dental.de\/ueber-uns\/","name":"About us - Ador Dental GmbH","isPartOf":{"@id":"https:\/\/www.ador-dental.de\/en\/#website"},"datePublished":"2019-07-16T10:27:53+00:00","dateModified":"2025-11-19T16:09:44+00:00","description":"About us: Ador Edelmetalle GmbH has been supplying the German dental market with the highest quality dental alloys for over 25 years","breadcrumb":{"@id":"https:\/\/www.ador-dental.de\/ueber-uns\/#breadcrumb"},"inLanguage":"en-US","potentialAction":[{"@type":"ReadAction","target":["https:\/\/www.ador-dental.de\/ueber-uns\/"]}]},{"@type":"BreadcrumbList","@id":"https:\/\/www.ador-dental.de\/ueber-uns\/#breadcrumb","itemListElement":[{"@type":"ListItem","position":1,"name":"Startseite","item":"https:\/\/www.ador-dental.de\/"},{"@type":"ListItem","position":2,"name":"\u00dcber uns"}]},{"@type":"WebSite","@id":"https:\/\/www.ador-dental.de\/en\/#website","url":"https:\/\/www.ador-dental.de\/en\/","name":"Ador Dental GmbH","description":"","publisher":{"@id":"https:\/\/www.ador-dental.de\/en\/#organization"},"potentialAction":[{"@type":"SearchAction","target":{"@type":"EntryPoint","urlTemplate":"https:\/\/www.ador-dental.de\/en\/?s={search_term_string}"},"query-input":{"@type":"PropertyValueSpecification","valueRequired":true,"valueName":"search_term_string"}}],"inLanguage":"en-US"},{"@type":"Organization","@id":"https:\/\/www.ador-dental.de\/en\/#organization","name":"Ador Dental GmbH","url":"https:\/\/www.ador-dental.de\/en\/","logo":{"@type":"ImageObject","inLanguage":"en-US","@id":"https:\/\/www.ador-dental.de\/en\/#\/schema\/logo\/image\/","url":"https:\/\/www.ador-dental.de\/wp-content\/uploads\/2021\/10\/ADOR_Logo_DentalSolutions_2020_Black.svg","contentUrl":"https:\/\/www.ador-dental.de\/wp-content\/uploads\/2021\/10\/ADOR_Logo_DentalSolutions_2020_Black.svg","width":678,"height":261,"caption":"Ador Dental GmbH"},"image":{"@id":"https:\/\/www.ador-dental.de\/en\/#\/schema\/logo\/image\/"}}]}},"_links":{"self":[{"href":"https:\/\/www.ador-dental.de\/en\/wp-json\/wp\/v2\/pages\/719","targetHints":{"allow":["GET"]}}],"collection":[{"href":"https:\/\/www.ador-dental.de\/en\/wp-json\/wp\/v2\/pages"}],"about":[{"href":"https:\/\/www.ador-dental.de\/en\/wp-json\/wp\/v2\/types\/page"}],"author":[{"embeddable":true,"href":"https:\/\/www.ador-dental.de\/en\/wp-json\/wp\/v2\/users\/1"}],"replies":[{"embeddable":true,"href":"https:\/\/www.ador-dental.de\/en\/wp-json\/wp\/v2\/comments?post=719"}],"version-history":[{"count":31,"href":"https:\/\/www.ador-dental.de\/en\/wp-json\/wp\/v2\/pages\/719\/revisions"}],"predecessor-version":[{"id":30572,"href":"https:\/\/www.ador-dental.de\/en\/wp-json\/wp\/v2\/pages\/719\/revisions\/30572"}],"wp:attachment":[{"href":"https:\/\/www.ador-dental.de\/en\/wp-json\/wp\/v2\/media?parent=719"}],"curies":[{"name":"wp","href":"https:\/\/api.w.org\/{rel}","templated":true}]}}