{"id":3773,"date":"2020-04-02T10:55:39","date_gmt":"2020-04-02T08:55:39","guid":{"rendered":"https:\/\/new.ador-edelmetalle.de\/?page_id=3773"},"modified":"2025-05-06T16:08:51","modified_gmt":"2025-05-06T14:08:51","slug":"recycling","status":"publish","type":"page","link":"https:\/\/www.ador-dental.de\/en\/recycling\/","title":{"rendered":"Recycling"},"content":{"rendered":"<div data-elementor-type=\"wp-page\" data-elementor-id=\"3773\" class=\"elementor elementor-3773\" data-elementor-post-type=\"page\">\n\t\t\t\t\t\t<section class=\"elementor-section elementor-top-section elementor-element elementor-element-7f2d997 elementor-section-height-min-height elementor-section-stretched elementor-section-boxed elementor-section-height-default elementor-section-items-middle\" data-id=\"7f2d997\" data-element_type=\"section\" data-e-type=\"section\" data-settings=\"{&quot;background_background&quot;:&quot;classic&quot;,&quot;stretch_section&quot;:&quot;section-stretched&quot;}\">\n\t\t\t\t\t\t\t<div class=\"elementor-background-overlay\"><\/div>\n\t\t\t\t\t\t\t<div class=\"elementor-container elementor-column-gap-default\">\n\t\t\t\t\t<div class=\"elementor-column elementor-col-100 elementor-top-column elementor-element elementor-element-3dff679\" data-id=\"3dff679\" data-element_type=\"column\" data-e-type=\"column\">\n\t\t\t<div class=\"elementor-widget-wrap elementor-element-populated\">\n\t\t\t\t\t\t<section class=\"elementor-section elementor-inner-section elementor-element elementor-element-ad5ed09 elementor-section-boxed elementor-section-height-default elementor-section-height-default\" data-id=\"ad5ed09\" data-element_type=\"section\" data-e-type=\"section\">\n\t\t\t\t\t\t<div class=\"elementor-container elementor-column-gap-default\">\n\t\t\t\t\t<div class=\"elementor-column elementor-col-100 elementor-inner-column elementor-element elementor-element-7027f80\" data-id=\"7027f80\" data-element_type=\"column\" data-e-type=\"column\">\n\t\t\t<div class=\"elementor-widget-wrap elementor-element-populated\">\n\t\t\t\t\t\t<div class=\"elementor-element elementor-element-41cb86c elementor-widget elementor-widget-heading\" data-id=\"41cb86c\" data-element_type=\"widget\" data-e-type=\"widget\" data-widget_type=\"heading.default\">\n\t\t\t\t<div class=\"elementor-widget-container\">\n\t\t\t\t\t<h2 class=\"elementor-heading-title elementor-size-default\">Precious metal recycling<\/h2>\t\t\t\t<\/div>\n\t\t\t\t<\/div>\n\t\t\t\t\t<\/div>\n\t\t<\/div>\n\t\t\t\t\t<\/div>\n\t\t<\/section>\n\t\t\t\t\t<\/div>\n\t\t<\/div>\n\t\t\t\t\t<\/div>\n\t\t<\/section>\n\t\t\t\t<section class=\"elementor-section elementor-top-section elementor-element elementor-element-c9f4d4b elementor-section-stretched elementor-section-boxed elementor-section-height-default elementor-section-height-default\" data-id=\"c9f4d4b\" data-element_type=\"section\" data-e-type=\"section\" data-settings=\"{&quot;background_background&quot;:&quot;classic&quot;,&quot;stretch_section&quot;:&quot;section-stretched&quot;}\">\n\t\t\t\t\t\t<div class=\"elementor-container elementor-column-gap-default\">\n\t\t\t\t\t<div class=\"elementor-column elementor-col-100 elementor-top-column elementor-element elementor-element-d57871e\" data-id=\"d57871e\" data-element_type=\"column\" data-e-type=\"column\">\n\t\t\t<div class=\"elementor-widget-wrap elementor-element-populated\">\n\t\t\t\t\t\t<div class=\"elementor-element elementor-element-fc535e5 elementor-widget elementor-widget-heading\" data-id=\"fc535e5\" data-element_type=\"widget\" data-e-type=\"widget\" data-widget_type=\"heading.default\">\n\t\t\t\t<div class=\"elementor-widget-container\">\n\t\t\t\t\t<h2 class=\"elementor-heading-title elementor-size-default\">Ecological and sustainable<\/h2>\t\t\t\t<\/div>\n\t\t\t\t<\/div>\n\t\t\t\t\t<\/div>\n\t\t<\/div>\n\t\t\t\t\t<\/div>\n\t\t<\/section>\n\t\t\t\t<section class=\"elementor-section elementor-top-section elementor-element elementor-element-e6d36fc elementor-section-boxed elementor-section-height-default elementor-section-height-default\" data-id=\"e6d36fc\" data-element_type=\"section\" data-e-type=\"section\">\n\t\t\t\t\t\t<div class=\"elementor-container elementor-column-gap-default\">\n\t\t\t\t\t<div class=\"elementor-column elementor-col-100 elementor-top-column elementor-element elementor-element-a05fcb4\" data-id=\"a05fcb4\" data-element_type=\"column\" data-e-type=\"column\">\n\t\t\t<div class=\"elementor-widget-wrap elementor-element-populated\">\n\t\t\t\t\t\t<div class=\"elementor-element elementor-element-caff0e3 elementor-widget elementor-widget-text-editor\" data-id=\"caff0e3\" data-element_type=\"widget\" data-e-type=\"widget\" data-widget_type=\"text-editor.default\">\n\t\t\t\t<div class=\"elementor-widget-container\">\n\t\t\t\t\t\t\t\t\t<p>In addition to alloy production, we offer dental laboratories and dentists fair and competent precious metal recycling at extremely attractive conditions. This is because recycling directly from the manufacturer eliminates all trading margins. The entire proceeds from your used precious metal go directly to your patients and reduce their co-payments, for example.<\/p><p>We work discreetly and trustingly with doctors and dental laboratories to ensure that valuable and increasingly scarce precious metals are returned to the production cycle through competent recycling, thus conserving resources of all kinds.<\/p><p>There are no separation costs for first-time commercial orders. Contact us for your precious metal recycling.\u00a0<\/p><p>We are looking forward to our mutually beneficial cooperation.<\/p>\t\t\t\t\t\t\t\t<\/div>\n\t\t\t\t<\/div>\n\t\t\t\t\t<\/div>\n\t\t<\/div>\n\t\t\t\t\t<\/div>\n\t\t<\/section>\n\t\t\t\t<section class=\"elementor-section elementor-top-section elementor-element elementor-element-662292e elementor-section-boxed elementor-section-height-default elementor-section-height-default\" data-id=\"662292e\" data-element_type=\"section\" data-e-type=\"section\">\n\t\t\t\t\t\t<div class=\"elementor-container elementor-column-gap-default\">\n\t\t\t\t\t<div class=\"elementor-column elementor-col-33 elementor-top-column elementor-element elementor-element-0331ed6\" data-id=\"0331ed6\" data-element_type=\"column\" data-e-type=\"column\">\n\t\t\t<div class=\"elementor-widget-wrap elementor-element-populated\">\n\t\t\t\t\t\t<div class=\"elementor-element elementor-element-01f7ab7 elementor-align-center elementor-widget elementor-widget-button\" data-id=\"01f7ab7\" data-element_type=\"widget\" data-e-type=\"widget\" data-widget_type=\"button.default\">\n\t\t\t\t<div class=\"elementor-widget-container\">\n\t\t\t\t\t\t\t\t\t<div class=\"elementor-button-wrapper\">\n\t\t\t\t\t<a class=\"elementor-button elementor-button-link elementor-size-sm\" href=\"https:\/\/www.ador-dental.de\/en\/recycling-fuer-dentallabore\/?_gl=1*1nyvtut*_up*MQ..*_ga*NDI2OTIwNjI0LjE3NDY0NDcyODk.*_ga_7NX8SP1RVQ*MTc0NjQ0NzI4Ni4xLjAuMTc0NjQ0NzI4Ni4wLjAuMA..\">\n\t\t\t\t\t\t<span class=\"elementor-button-content-wrapper\">\n\t\t\t\t\t\t\t\t\t<span class=\"elementor-button-text\">FOR DENTAL LABORATORIES<\/span>\n\t\t\t\t\t<\/span>\n\t\t\t\t\t<\/a>\n\t\t\t\t<\/div>\n\t\t\t\t\t\t\t\t<\/div>\n\t\t\t\t<\/div>\n\t\t\t\t\t<\/div>\n\t\t<\/div>\n\t\t\t\t<div class=\"elementor-column elementor-col-33 elementor-top-column elementor-element elementor-element-781d960\" data-id=\"781d960\" data-element_type=\"column\" data-e-type=\"column\">\n\t\t\t<div class=\"elementor-widget-wrap elementor-element-populated\">\n\t\t\t\t\t\t<div class=\"elementor-element elementor-element-c43d9fe elementor-align-center elementor-widget elementor-widget-button\" data-id=\"c43d9fe\" data-element_type=\"widget\" data-e-type=\"widget\" data-widget_type=\"button.default\">\n\t\t\t\t<div class=\"elementor-widget-container\">\n\t\t\t\t\t\t\t\t\t<div class=\"elementor-button-wrapper\">\n\t\t\t\t\t<a class=\"elementor-button elementor-button-link elementor-size-sm\" href=\"https:\/\/www.ador-dental.de\/en\/recycling-fuer-zahnarzte\/?_gl=1*iktxdv*_up*MQ..*_ga*NDI2OTIwNjI0LjE3NDY0NDcyODk.*_ga_7NX8SP1RVQ*MTc0NjQ1MzcxNC4yLjAuMTc0NjQ1MzcxNC4wLjAuMA..\">\n\t\t\t\t\t\t<span class=\"elementor-button-content-wrapper\">\n\t\t\t\t\t\t\t\t\t<span class=\"elementor-button-text\">FOR DENTISTS<\/span>\n\t\t\t\t\t<\/span>\n\t\t\t\t\t<\/a>\n\t\t\t\t<\/div>\n\t\t\t\t\t\t\t\t<\/div>\n\t\t\t\t<\/div>\n\t\t\t\t\t<\/div>\n\t\t<\/div>\n\t\t\t\t<div class=\"elementor-column elementor-col-33 elementor-top-column elementor-element elementor-element-b407634\" data-id=\"b407634\" data-element_type=\"column\" data-e-type=\"column\">\n\t\t\t<div class=\"elementor-widget-wrap elementor-element-populated\">\n\t\t\t\t\t\t<div class=\"elementor-element elementor-element-796fc7f elementor-align-center elementor-widget elementor-widget-button\" data-id=\"796fc7f\" data-element_type=\"widget\" data-e-type=\"widget\" data-widget_type=\"button.default\">\n\t\t\t\t<div class=\"elementor-widget-container\">\n\t\t\t\t\t\t\t\t\t<div class=\"elementor-button-wrapper\">\n\t\t\t\t\t<a class=\"elementor-button elementor-button-link elementor-size-sm\" href=\"https:\/\/www.ador-dental.de\/en\/nem-recycling\/?_gl=1*17cuebc*_up*MQ..*_ga*NDI2OTIwNjI0LjE3NDY0NDcyODk.*_ga_7NX8SP1RVQ*MTc0NjQ1MzcxNC4yLjEuMTc0NjQ1Mzc0Mi4wLjAuMA..\">\n\t\t\t\t\t\t<span class=\"elementor-button-content-wrapper\">\n\t\t\t\t\t\t\t\t\t<span class=\"elementor-button-text\">NEM RECYCLING<\/span>\n\t\t\t\t\t<\/span>\n\t\t\t\t\t<\/a>\n\t\t\t\t<\/div>\n\t\t\t\t\t\t\t\t<\/div>\n\t\t\t\t<\/div>\n\t\t\t\t\t<\/div>\n\t\t<\/div>\n\t\t\t\t\t<\/div>\n\t\t<\/section>\n\t\t\t\t<section class=\"elementor-section elementor-top-section elementor-element elementor-element-a560172 elementor-section-boxed elementor-section-height-default elementor-section-height-default\" data-id=\"a560172\" data-element_type=\"section\" data-e-type=\"section\">\n\t\t\t\t\t\t<div class=\"elementor-container elementor-column-gap-default\">\n\t\t\t\t\t<div class=\"elementor-column elementor-col-100 elementor-top-column elementor-element elementor-element-a09515f\" data-id=\"a09515f\" data-element_type=\"column\" data-e-type=\"column\">\n\t\t\t<div class=\"elementor-widget-wrap elementor-element-populated\">\n\t\t\t\t\t\t<div class=\"elementor-element elementor-element-28da713 elementor-widget elementor-widget-spacer\" data-id=\"28da713\" data-element_type=\"widget\" data-e-type=\"widget\" data-widget_type=\"spacer.default\">\n\t\t\t\t<div class=\"elementor-widget-container\">\n\t\t\t\t\t\t\t<div class=\"elementor-spacer\">\n\t\t\t<div class=\"elementor-spacer-inner\"><\/div>\n\t\t<\/div>\n\t\t\t\t\t\t<\/div>\n\t\t\t\t<\/div>\n\t\t\t\t\t<\/div>\n\t\t<\/div>\n\t\t\t\t\t<\/div>\n\t\t<\/section>\n\t\t\t\t<\/div>","protected":false},"excerpt":{"rendered":"<p>Edelmetallrecycling \u00d6kologisch und nachhaltig Neben der Legierungsherstellung bieten wir Dentallaboren und Zahn\u00e4rzten faires und kompetentes Edelmetall-Recycling zu h\u00f6chst interessanten Konditionen. Denn durch Recycling direkt beim Hersteller entfallen alle Handelsspannen. Der gesamte Erl\u00f6s Ihres Altedelmetalls kommt Ihren Patienten direkt zugute und senkt z.B. deren HKP-Zuzahlung. Wir arbeiten diskret und vertrauensvoll mit \u00c4rzten und Dentallaboren\u00a0 daran, dass&hellip;&nbsp;<a href=\"https:\/\/www.ador-dental.de\/en\/recycling\/\" rel=\"bookmark\">Read More \"<span class=\"screen-reader-text\">Recycling<\/span><\/a><\/p>","protected":false},"author":1,"featured_media":4473,"parent":0,"menu_order":0,"comment_status":"closed","ping_status":"closed","template":"","meta":{"neve_meta_sidebar":"full-width","neve_meta_container":"","neve_meta_enable_content_width":"on","neve_meta_content_width":100,"neve_meta_title_alignment":"","neve_meta_author_avatar":"","neve_post_elements_order":"","neve_meta_disable_header":"","neve_meta_disable_footer":"","neve_meta_disable_title":"on","_themeisle_gutenberg_block_has_review":false,"footnotes":""},"class_list":["post-3773","page","type-page","status-publish","has-post-thumbnail","hentry"],"yoast_head":"<!-- This site is optimized with the Yoast SEO plugin v27.5 - https:\/\/yoast.com\/product\/yoast-seo-wordpress\/ -->\n<title>Recycling - Ador Dental GmbH<\/title>\n<meta name=\"description\" content=\"Faires und kompetentes Edelmetall-Recycling zu tollen Konditionen. Denn der gesamte Erl\u00f6s Ihres Altedelmetalls kommt Ihren Patienten zugute.\" \/>\n<meta name=\"robots\" content=\"index, follow, max-snippet:-1, max-image-preview:large, max-video-preview:-1\" \/>\n<link rel=\"canonical\" href=\"https:\/\/www.ador-dental.de\/en\/recycling\/\" \/>\n<meta property=\"og:locale\" content=\"en_US\" \/>\n<meta property=\"og:type\" content=\"article\" \/>\n<meta property=\"og:title\" content=\"Recycling - Ador Dental GmbH\" \/>\n<meta property=\"og:description\" content=\"Faires und kompetentes Edelmetall-Recycling zu tollen Konditionen. Denn der gesamte Erl\u00f6s Ihres Altedelmetalls kommt Ihren Patienten zugute.\" \/>\n<meta property=\"og:url\" content=\"https:\/\/www.ador-dental.de\/en\/recycling\/\" \/>\n<meta property=\"og:site_name\" content=\"Ador Dental GmbH\" \/>\n<meta property=\"article:modified_time\" content=\"2025-05-06T14:08:51+00:00\" \/>\n<meta property=\"og:image\" content=\"https:\/\/www.ador-dental.de\/wp-content\/uploads\/2020\/04\/Onlinestore_Recycling-Kopie-scaled-e1610462717800.jpg\" \/>\n\t<meta property=\"og:image:width\" content=\"891\" \/>\n\t<meta property=\"og:image:height\" content=\"630\" \/>\n\t<meta property=\"og:image:type\" content=\"image\/jpeg\" \/>\n<meta name=\"twitter:card\" content=\"summary_large_image\" \/>\n<meta name=\"twitter:label1\" content=\"Est. reading time\" \/>\n\t<meta name=\"twitter:data1\" content=\"2 minutes\" \/>\n<script type=\"application\/ld+json\" class=\"yoast-schema-graph\">{\"@context\":\"https:\\\/\\\/schema.org\",\"@graph\":[{\"@type\":\"WebPage\",\"@id\":\"https:\\\/\\\/www.ador-dental.de\\\/recycling\\\/\",\"url\":\"https:\\\/\\\/www.ador-dental.de\\\/recycling\\\/\",\"name\":\"Recycling - Ador Dental GmbH\",\"isPartOf\":{\"@id\":\"https:\\\/\\\/www.ador-dental.de\\\/en\\\/#website\"},\"primaryImageOfPage\":{\"@id\":\"https:\\\/\\\/www.ador-dental.de\\\/recycling\\\/#primaryimage\"},\"image\":{\"@id\":\"https:\\\/\\\/www.ador-dental.de\\\/recycling\\\/#primaryimage\"},\"thumbnailUrl\":\"https:\\\/\\\/www.ador-dental.de\\\/wp-content\\\/uploads\\\/2020\\\/04\\\/Onlinestore_Recycling-Kopie-scaled-e1610462717800.jpg\",\"datePublished\":\"2020-04-02T08:55:39+00:00\",\"dateModified\":\"2025-05-06T14:08:51+00:00\",\"description\":\"Faires und kompetentes Edelmetall-Recycling zu tollen Konditionen. Denn der gesamte Erl\u00f6s Ihres Altedelmetalls kommt Ihren Patienten zugute.\",\"breadcrumb\":{\"@id\":\"https:\\\/\\\/www.ador-dental.de\\\/recycling\\\/#breadcrumb\"},\"inLanguage\":\"en-US\",\"potentialAction\":[{\"@type\":\"ReadAction\",\"target\":[\"https:\\\/\\\/www.ador-dental.de\\\/recycling\\\/\"]}]},{\"@type\":\"ImageObject\",\"inLanguage\":\"en-US\",\"@id\":\"https:\\\/\\\/www.ador-dental.de\\\/recycling\\\/#primaryimage\",\"url\":\"https:\\\/\\\/www.ador-dental.de\\\/wp-content\\\/uploads\\\/2020\\\/04\\\/Onlinestore_Recycling-Kopie-scaled-e1610462717800.jpg\",\"contentUrl\":\"https:\\\/\\\/www.ador-dental.de\\\/wp-content\\\/uploads\\\/2020\\\/04\\\/Onlinestore_Recycling-Kopie-scaled-e1610462717800.jpg\",\"width\":891,\"height\":630},{\"@type\":\"BreadcrumbList\",\"@id\":\"https:\\\/\\\/www.ador-dental.de\\\/recycling\\\/#breadcrumb\",\"itemListElement\":[{\"@type\":\"ListItem\",\"position\":1,\"name\":\"Startseite\",\"item\":\"https:\\\/\\\/www.ador-dental.de\\\/\"},{\"@type\":\"ListItem\",\"position\":2,\"name\":\"Recycling\"}]},{\"@type\":\"WebSite\",\"@id\":\"https:\\\/\\\/www.ador-dental.de\\\/en\\\/#website\",\"url\":\"https:\\\/\\\/www.ador-dental.de\\\/en\\\/\",\"name\":\"Ador Dental GmbH\",\"description\":\"\",\"publisher\":{\"@id\":\"https:\\\/\\\/www.ador-dental.de\\\/en\\\/#organization\"},\"potentialAction\":[{\"@type\":\"SearchAction\",\"target\":{\"@type\":\"EntryPoint\",\"urlTemplate\":\"https:\\\/\\\/www.ador-dental.de\\\/en\\\/?s={search_term_string}\"},\"query-input\":{\"@type\":\"PropertyValueSpecification\",\"valueRequired\":true,\"valueName\":\"search_term_string\"}}],\"inLanguage\":\"en-US\"},{\"@type\":\"Organization\",\"@id\":\"https:\\\/\\\/www.ador-dental.de\\\/en\\\/#organization\",\"name\":\"Ador Dental GmbH\",\"url\":\"https:\\\/\\\/www.ador-dental.de\\\/en\\\/\",\"logo\":{\"@type\":\"ImageObject\",\"inLanguage\":\"en-US\",\"@id\":\"https:\\\/\\\/www.ador-dental.de\\\/en\\\/#\\\/schema\\\/logo\\\/image\\\/\",\"url\":\"https:\\\/\\\/www.ador-dental.de\\\/wp-content\\\/uploads\\\/2021\\\/10\\\/ADOR_Logo_DentalSolutions_2020_Black.svg\",\"contentUrl\":\"https:\\\/\\\/www.ador-dental.de\\\/wp-content\\\/uploads\\\/2021\\\/10\\\/ADOR_Logo_DentalSolutions_2020_Black.svg\",\"width\":678,\"height\":261,\"caption\":\"Ador Dental GmbH\"},\"image\":{\"@id\":\"https:\\\/\\\/www.ador-dental.de\\\/en\\\/#\\\/schema\\\/logo\\\/image\\\/\"}}]}<\/script>\n<!-- \/ Yoast SEO plugin. -->","yoast_head_json":{"title":"Recycling - Ador Dental GmbH","description":"Faires und kompetentes Edelmetall-Recycling zu tollen Konditionen. Denn der gesamte Erl\u00f6s Ihres Altedelmetalls kommt Ihren Patienten zugute.","robots":{"index":"index","follow":"follow","max-snippet":"max-snippet:-1","max-image-preview":"max-image-preview:large","max-video-preview":"max-video-preview:-1"},"canonical":"https:\/\/www.ador-dental.de\/en\/recycling\/","og_locale":"en_US","og_type":"article","og_title":"Recycling - Ador Dental GmbH","og_description":"Faires und kompetentes Edelmetall-Recycling zu tollen Konditionen. Denn der gesamte Erl\u00f6s Ihres Altedelmetalls kommt Ihren Patienten zugute.","og_url":"https:\/\/www.ador-dental.de\/en\/recycling\/","og_site_name":"Ador Dental GmbH","article_modified_time":"2025-05-06T14:08:51+00:00","og_image":[{"width":891,"height":630,"url":"https:\/\/www.ador-dental.de\/wp-content\/uploads\/2020\/04\/Onlinestore_Recycling-Kopie-scaled-e1610462717800.jpg","type":"image\/jpeg"}],"twitter_card":"summary_large_image","twitter_misc":{"Est. reading time":"2 minutes"},"schema":{"@context":"https:\/\/schema.org","@graph":[{"@type":"WebPage","@id":"https:\/\/www.ador-dental.de\/recycling\/","url":"https:\/\/www.ador-dental.de\/recycling\/","name":"Recycling - Ador Dental GmbH","isPartOf":{"@id":"https:\/\/www.ador-dental.de\/en\/#website"},"primaryImageOfPage":{"@id":"https:\/\/www.ador-dental.de\/recycling\/#primaryimage"},"image":{"@id":"https:\/\/www.ador-dental.de\/recycling\/#primaryimage"},"thumbnailUrl":"https:\/\/www.ador-dental.de\/wp-content\/uploads\/2020\/04\/Onlinestore_Recycling-Kopie-scaled-e1610462717800.jpg","datePublished":"2020-04-02T08:55:39+00:00","dateModified":"2025-05-06T14:08:51+00:00","description":"Faires und kompetentes Edelmetall-Recycling zu tollen Konditionen. Denn der gesamte Erl\u00f6s Ihres Altedelmetalls kommt Ihren Patienten zugute.","breadcrumb":{"@id":"https:\/\/www.ador-dental.de\/recycling\/#breadcrumb"},"inLanguage":"en-US","potentialAction":[{"@type":"ReadAction","target":["https:\/\/www.ador-dental.de\/recycling\/"]}]},{"@type":"ImageObject","inLanguage":"en-US","@id":"https:\/\/www.ador-dental.de\/recycling\/#primaryimage","url":"https:\/\/www.ador-dental.de\/wp-content\/uploads\/2020\/04\/Onlinestore_Recycling-Kopie-scaled-e1610462717800.jpg","contentUrl":"https:\/\/www.ador-dental.de\/wp-content\/uploads\/2020\/04\/Onlinestore_Recycling-Kopie-scaled-e1610462717800.jpg","width":891,"height":630},{"@type":"BreadcrumbList","@id":"https:\/\/www.ador-dental.de\/recycling\/#breadcrumb","itemListElement":[{"@type":"ListItem","position":1,"name":"Startseite","item":"https:\/\/www.ador-dental.de\/"},{"@type":"ListItem","position":2,"name":"Recycling"}]},{"@type":"WebSite","@id":"https:\/\/www.ador-dental.de\/en\/#website","url":"https:\/\/www.ador-dental.de\/en\/","name":"Ador Dental GmbH","description":"","publisher":{"@id":"https:\/\/www.ador-dental.de\/en\/#organization"},"potentialAction":[{"@type":"SearchAction","target":{"@type":"EntryPoint","urlTemplate":"https:\/\/www.ador-dental.de\/en\/?s={search_term_string}"},"query-input":{"@type":"PropertyValueSpecification","valueRequired":true,"valueName":"search_term_string"}}],"inLanguage":"en-US"},{"@type":"Organization","@id":"https:\/\/www.ador-dental.de\/en\/#organization","name":"Ador Dental GmbH","url":"https:\/\/www.ador-dental.de\/en\/","logo":{"@type":"ImageObject","inLanguage":"en-US","@id":"https:\/\/www.ador-dental.de\/en\/#\/schema\/logo\/image\/","url":"https:\/\/www.ador-dental.de\/wp-content\/uploads\/2021\/10\/ADOR_Logo_DentalSolutions_2020_Black.svg","contentUrl":"https:\/\/www.ador-dental.de\/wp-content\/uploads\/2021\/10\/ADOR_Logo_DentalSolutions_2020_Black.svg","width":678,"height":261,"caption":"Ador Dental GmbH"},"image":{"@id":"https:\/\/www.ador-dental.de\/en\/#\/schema\/logo\/image\/"}}]}},"_links":{"self":[{"href":"https:\/\/www.ador-dental.de\/en\/wp-json\/wp\/v2\/pages\/3773","targetHints":{"allow":["GET"]}}],"collection":[{"href":"https:\/\/www.ador-dental.de\/en\/wp-json\/wp\/v2\/pages"}],"about":[{"href":"https:\/\/www.ador-dental.de\/en\/wp-json\/wp\/v2\/types\/page"}],"author":[{"embeddable":true,"href":"https:\/\/www.ador-dental.de\/en\/wp-json\/wp\/v2\/users\/1"}],"replies":[{"embeddable":true,"href":"https:\/\/www.ador-dental.de\/en\/wp-json\/wp\/v2\/comments?post=3773"}],"version-history":[{"count":10,"href":"https:\/\/www.ador-dental.de\/en\/wp-json\/wp\/v2\/pages\/3773\/revisions"}],"predecessor-version":[{"id":29540,"href":"https:\/\/www.ador-dental.de\/en\/wp-json\/wp\/v2\/pages\/3773\/revisions\/29540"}],"wp:featuredmedia":[{"embeddable":true,"href":"https:\/\/www.ador-dental.de\/en\/wp-json\/wp\/v2\/media\/4473"}],"wp:attachment":[{"href":"https:\/\/www.ador-dental.de\/en\/wp-json\/wp\/v2\/media?parent=3773"}],"curies":[{"name":"wp","href":"https:\/\/api.w.org\/{rel}","templated":true}]}}